{"id":829,"date":"2025-08-27T10:13:56","date_gmt":"2025-08-27T13:13:56","guid":{"rendered":"http:\/\/172.16.1.60\/?page_id=829"},"modified":"2025-12-04T14:14:32","modified_gmt":"2025-12-04T18:14:32","slug":"microscopia","status":"publish","type":"page","link":"http:\/\/cmabio.uea.edu.br\/index.php\/microscopia\/","title":{"rendered":"Microscopia"},"content":{"rendered":"\n<div class=\"wp-block-stackable-columns alignfull stk-block-columns stk-block stk-51b2b12 stk-block-background stk--has-background-overlay\" data-block-id=\"51b2b12\"><style>.stk-51b2b12 .stk--block-align-51b2b12{align-items:center !important;}.stk-51b2b12 {background-color:#000000 !important;background-image:url(http:\/\/cmabio.uea.edu.br\/wp-content\/uploads\/2025\/11\/blog10.jpg) !important;background-position:bottom center !important;background-repeat:no-repeat !important;background-size:cover !important;padding-top:300px !important;padding-bottom:200px !important;margin-bottom:0px !important;}.stk-51b2b12:before{background-color:#000000 !important;opacity:0.6 !important;}.stk-51b2b12-column{--stk-column-gap:35px !important;row-gap:35px !important;}@media screen and (max-width:999px){.stk-51b2b12 {padding-top:250px !important;padding-bottom:150px !important;}}@media screen and (max-width:689px){.stk-51b2b12 {padding-top:150px !important;padding-bottom:100px !important;}}<\/style><div class=\"stk-row stk-inner-blocks stk--block-align-51b2b12 stk-block-content stk-content-align stk-51b2b12-column alignfull\">\n<div class=\"wp-block-stackable-column stk-block-column stk-column stk-block stk-0e2597c\" data-v=\"4\" data-block-id=\"0e2597c\"><style>.stk-0e2597c-container{margin-top:0px !important;margin-right:0px !important;margin-bottom:0px !important;margin-left:0px !important;}<\/style><div class=\"stk-column-wrapper stk-block-column__content stk-container stk-0e2597c-container stk--no-background stk--no-padding\"><div class=\"stk-block-content stk-inner-blocks stk-0e2597c-inner-blocks\">\n<div class=\"wp-block-stackable-heading stk-block-heading stk-block-heading--v2 stk-block stk-45aa733\" id=\"microscopia\" data-block-id=\"45aa733\"><style>.stk-45aa733 .stk-block-heading__text{color:var(--theme-palette-color-6, #F3F5F9) !important;}<\/style><h2 class=\"stk-block-heading__text has-text-color has-text-align-center\">Microscopia<\/h2><\/div>\n<\/div><\/div><\/div>\n<\/div><\/div>\n\n\n\n<div class=\"wp-block-stackable-spacer stk-block-spacer stk--no-padding stk-block stk-0f0397a\" data-block-id=\"0f0397a\"><style>.stk-0f0397a {height:140px !important;}<\/style><\/div>\n\n\n\n<div class=\"wp-block-stackable-text stk-block-text stk-block stk-a1880e1\" data-block-id=\"a1880e1\"><p class=\"stk-block-text__text\">O CMABio-UEA \u00e9 equipado com os principais equipamentos para processamento de amostras biol\u00f3gicas para visualiza\u00e7\u00e3o em microscopia eletr\u00f4nica de varredura e de transmiss\u00e3o.<\/p><\/div>\n\n\n\n<div class=\"wp-block-stackable-heading stk-block-heading stk-block-heading--v2 stk-block stk-d988e53\" id=\"metalizador-de-alta-resolucao-leica-em-ace-600\" data-block-id=\"d988e53\"><style>.stk-d988e53 {margin-bottom:50px !important;}.stk-d988e53 .stk-block-heading__text{font-size:30px !important;font-weight:800 !important;font-family:system-ui, sans-serif !important;}@media screen and (max-width:999px){.stk-d988e53 .stk-block-heading__text{font-size:30px !important;}}<\/style><h2 class=\"stk-block-heading__text\">Metalizador de alta resolu\u00e7\u00e3o Leica EM ACE600<\/h2><\/div>\n\n\n\n<figure class=\"wp-block-image aligncenter size-full is-resized\"><img loading=\"lazy\" decoding=\"async\" width=\"768\" height=\"1024\" src=\"http:\/\/172.16.1.60\/wp-content\/uploads\/2025\/11\/metalizador-768x1024-1.jpg\" alt=\"\" class=\"wp-image-1449\" style=\"width:350px\" srcset=\"http:\/\/cmabio.uea.edu.br\/wp-content\/uploads\/2025\/11\/metalizador-768x1024-1.jpg 768w, http:\/\/cmabio.uea.edu.br\/wp-content\/uploads\/2025\/11\/metalizador-768x1024-1-225x300.jpg 225w\" sizes=\"auto, (max-width: 768px) 100vw, 768px\" \/><\/figure>\n\n\n\n<div class=\"wp-block-stackable-spacer stk-block-spacer stk--no-padding stk-block stk-be24117\" data-block-id=\"be24117\"><\/div>\n\n\n\n<ul class=\"wp-block-list\">\n<li>Processos precisos e automatizados de revestimento por pulveriza\u00e7\u00e3o cat\u00f3dica e de carbono, permitindo a realiza\u00e7\u00e3o da aquisi\u00e7\u00e3o de imagens de alta resolu\u00e7\u00e3o em microscopia eletr\u00f4nica de varredura de amostras n\u00e3o condutoras planas ou estruturadas;<\/li>\n\n\n\n<li>Melhora o contraste de estruturas em escala nanom\u00e9trica, como prote\u00ednas ou sequ\u00eancias de DNA;<\/li>\n\n\n\n<li>Produz camadas de suporte finas, mas fortes, para grades de microscopia eletr\u00f4nica de transmiss\u00e3o;<\/li>\n\n\n\n<li>Fornece camadas de prote\u00e7\u00e3o para amostras sens\u00edveis.<\/li>\n<\/ul>\n\n\n\n<div class=\"wp-block-stackable-spacer stk-block-spacer stk--no-padding stk-block stk-3de2f19\" data-block-id=\"3de2f19\"><\/div>\n\n\n\n<div class=\"wp-block-stackable-heading stk-block-heading stk-block-heading--v2 stk-block stk-ee68135\" id=\"metalizador-de-baixa-resolucao-jeol-smart-coater-dii-29010-sctr\" data-block-id=\"ee68135\"><style>.stk-ee68135 {margin-bottom:50px !important;}.stk-ee68135 .stk-block-heading__text{font-size:30px !important;font-weight:800 !important;font-family:system-ui, sans-serif !important;}@media screen and (max-width:999px){.stk-ee68135 .stk-block-heading__text{font-size:30px !important;}}<\/style><h2 class=\"stk-block-heading__text\">Metalizador de baixa resolu\u00e7\u00e3o Jeol Smart Coater DII-29010SCTR<\/h2><\/div>\n\n\n\n<figure class=\"wp-block-image aligncenter size-full is-resized\"><img loading=\"lazy\" decoding=\"async\" width=\"768\" height=\"597\" src=\"http:\/\/172.16.1.60\/wp-content\/uploads\/2025\/11\/metalizador-jeol-768x597-1.jpg\" alt=\"\" class=\"wp-image-1450\" style=\"width:431px;height:auto\" srcset=\"http:\/\/cmabio.uea.edu.br\/wp-content\/uploads\/2025\/11\/metalizador-jeol-768x597-1.jpg 768w, http:\/\/cmabio.uea.edu.br\/wp-content\/uploads\/2025\/11\/metalizador-jeol-768x597-1-300x233.jpg 300w\" sizes=\"auto, (max-width: 768px) 100vw, 768px\" \/><\/figure>\n\n\n\n<div class=\"wp-block-stackable-spacer stk-block-spacer stk--no-padding stk-block stk-88b7199\" data-block-id=\"88b7199\"><\/div>\n\n\n\n<div class=\"wp-block-stackable-text stk-block-text stk-block stk-b5ccf93\" data-block-id=\"b5ccf93\"><style>.stk-b5ccf93 {margin-bottom:50px !important;}<\/style><p class=\"stk-block-text__text\">Revestidor por pulveriza\u00e7\u00e3o cat\u00f3dica totalmente automatizado que aplica um revestimento de ouro em amostras para aquisi\u00e7\u00e3o de imagens em um microsc\u00f3pio eletr\u00f4nico de varredura.<\/p><\/div>\n\n\n\n<div class=\"wp-block-stackable-heading stk-block-heading stk-block-heading--v2 stk-block stk-78f1b4c\" id=\"secador-de-ponto-critico-automatico-leica-em-cpd-300\" data-block-id=\"78f1b4c\"><style>.stk-78f1b4c {margin-bottom:50px !important;}.stk-78f1b4c .stk-block-heading__text{font-size:30px !important;font-weight:800 !important;font-family:system-ui, sans-serif !important;}@media screen and (max-width:999px){.stk-78f1b4c .stk-block-heading__text{font-size:30px !important;}}<\/style><h2 class=\"stk-block-heading__text\">Secador de ponto cr\u00edtico autom\u00e1tico Leica EM CPD300<\/h2><\/div>\n\n\n\n<figure class=\"wp-block-image aligncenter size-full is-resized\"><img loading=\"lazy\" decoding=\"async\" width=\"768\" height=\"576\" src=\"http:\/\/172.16.1.60\/wp-content\/uploads\/2025\/11\/ponto-critico-768x576-1.jpg\" alt=\"\" class=\"wp-image-1451\" style=\"width:431px\" srcset=\"http:\/\/cmabio.uea.edu.br\/wp-content\/uploads\/2025\/11\/ponto-critico-768x576-1.jpg 768w, http:\/\/cmabio.uea.edu.br\/wp-content\/uploads\/2025\/11\/ponto-critico-768x576-1-300x225.jpg 300w\" sizes=\"auto, (max-width: 768px) 100vw, 768px\" \/><\/figure>\n\n\n\n<div class=\"wp-block-stackable-spacer stk-block-spacer stk--no-padding stk-block stk-afb7733\" data-block-id=\"afb7733\"><\/div>\n\n\n\n<ul class=\"wp-block-list\">\n<li>Secador de esp\u00e9cimes biol\u00f3gicos, como microrganismos, p\u00f3len, tecidos, plantas, insetos, bem como amostras industriais, por exemplo MEMS (microssistemas eletromec\u00e2nicos) para a an\u00e1lises de microscopia eletr\u00f4nica de varredura;<\/li>\n\n\n\n<li>Realiza a secagem de amostras atrav\u00e9s da utiliza\u00e7\u00e3o de CO2 como um fluido supercr\u00edtico, conservando a estrutura molecular e a integridade de amostras biol\u00f3gicas.<\/li>\n<\/ul>\n\n\n\n<div class=\"wp-block-stackable-spacer stk-block-spacer stk--no-padding stk-block stk-597ea92\" data-block-id=\"597ea92\"><\/div>\n\n\n\n<div class=\"wp-block-stackable-heading stk-block-heading stk-block-heading--v2 stk-block stk-d63f8a0\" id=\"ultramicrotomo-leica-em-uc-7\" data-block-id=\"d63f8a0\"><style>.stk-d63f8a0 {margin-bottom:50px !important;}.stk-d63f8a0 .stk-block-heading__text{font-size:30px !important;font-weight:800 !important;font-family:system-ui, sans-serif !important;}@media screen and (max-width:999px){.stk-d63f8a0 .stk-block-heading__text{font-size:30px !important;}}<\/style><h2 class=\"stk-block-heading__text\">Ultramicr\u00f3tomo Leica EM UC7<\/h2><\/div>\n\n\n\n<figure class=\"wp-block-image aligncenter size-full is-resized\"><img loading=\"lazy\" decoding=\"async\" width=\"768\" height=\"594\" src=\"http:\/\/172.16.1.60\/wp-content\/uploads\/2025\/11\/ultramicrotomo-768x594-1.png\" alt=\"\" class=\"wp-image-1452\" style=\"width:431px;height:auto\" srcset=\"http:\/\/cmabio.uea.edu.br\/wp-content\/uploads\/2025\/11\/ultramicrotomo-768x594-1.png 768w, http:\/\/cmabio.uea.edu.br\/wp-content\/uploads\/2025\/11\/ultramicrotomo-768x594-1-300x232.png 300w\" sizes=\"auto, (max-width: 768px) 100vw, 768px\" \/><\/figure>\n\n\n\n<div class=\"wp-block-stackable-spacer stk-block-spacer stk--no-padding stk-block stk-379adc3\" data-block-id=\"379adc3\"><\/div>\n\n\n\n<ul class=\"wp-block-list\">\n<li>Prepara\u00e7\u00e3o de sec\u00e7\u00f5es semifinas e ultrafinas, bem como superf\u00edcies perfeitas e lisas de amostras biol\u00f3gicas e industriais para microscopia eletr\u00f4nica de transmiss\u00e3o;<\/li>\n\n\n\n<li>Sec\u00e7\u00f5es ultrafinas consistentes de alta qualidade com uma faixa de alimenta\u00e7\u00e3o de espessura de 1 nm a 15 \u00b5m;<\/li>\n\n\n\n<li>Totalmente motorizado com movimento Norte-Sul e Leste-Oeste usando o modo autotrim e fun\u00e7\u00e3o de medi\u00e7\u00e3o<\/li>\n<\/ul>\n\n\n\n<div class=\"wp-block-stackable-spacer stk-block-spacer stk--no-padding stk-block stk-b69a4ba\" data-block-id=\"b69a4ba\"><style>.stk-b69a4ba {height:140px !important;}<\/style><\/div>\n","protected":false},"excerpt":{"rendered":"<p>Microscopia O CMABio-UEA \u00e9 equipado com os principais equipamentos para processamento de amostras biol\u00f3gicas para visualiza\u00e7\u00e3o em microscopia eletr\u00f4nica de varredura e de transmiss\u00e3o. Metalizador de alta resolu\u00e7\u00e3o Leica EM ACE600 Metalizador de baixa resolu\u00e7\u00e3o Jeol Smart Coater DII-29010SCTR Revestidor por pulveriza\u00e7\u00e3o cat\u00f3dica totalmente automatizado que aplica um revestimento de ouro em amostras para aquisi\u00e7\u00e3o [&hellip;]<\/p>\n","protected":false},"author":1,"featured_media":0,"parent":0,"menu_order":0,"comment_status":"closed","ping_status":"closed","template":"","meta":{"om_disable_all_campaigns":false,"_monsterinsights_skip_tracking":false,"_monsterinsights_sitenote_active":false,"_monsterinsights_sitenote_note":"","_monsterinsights_sitenote_category":0,"footnotes":""},"class_list":["post-829","page","type-page","status-publish","hentry"],"blocksy_meta":{"page_title_panel":"","has_hero_section":"disabled","fe1c64ab89945cda534f4bb2d579ae1a":"","hero_section":"type-1","hero_elements":[{"id":"custom_title","enabled":true,"heading_tag":"h1","title":"Home"},{"id":"custom_description","enabled":true,"description_visibility":{"desktop":true,"tablet":true,"mobile":false}},{"id":"custom_meta","enabled":false,"meta_elements":[{"id":"author","enabled":true,"label":"By","has_author_avatar":"yes","avatar_size":25},{"id":"post_date","enabled":true,"label":"On","date_format_source":"default","date_format":"M j, Y"},{"id":"updated_date","enabled":false,"label":"On","date_format_source":"default","date_format":"M j, Y"},{"id":"categories","enabled":false,"label":"In","style":"simple"},{"id":"comments","enabled":true}],"page_meta_elements":{"joined":true,"articles_count":true,"comments":true}},{"id":"breadcrumbs","enabled":false}],"433b02732bec8d55ec282f00a9a700eb":"","hero_alignment1":"CT_CSS_SKIP_RULE","hero_margin":40,"hero_alignment2":"center","hero_vertical_alignment":"center","fdbb34d69d6afe2394c07d96c9ea0b60":"","hero_structure":"narrow","cb306aece5e91b9a44875e4a81075440":"","page_title_bg_type":"featured_image","custom_hero_background":{"attachment_id":null},"page_title_image_size":"full","parallax":{"desktop":false,"tablet":false,"mobile":false},"034bc954f3c533bc75ffdf62670c8395":"","hero_height":"250px","pageTitleFont":{"family":"Default","variation":"Default","size":"30px","line-height":"CT_CSS_SKIP_RULE","letter-spacing":"CT_CSS_SKIP_RULE","text-transform":"CT_CSS_SKIP_RULE","text-decoration":"CT_CSS_SKIP_RULE"},"pageTitleFontColor":{"default":{"color":"CT_CSS_SKIP_RULEDEFAULT"}},"pageMetaFont":{"family":"Default","variation":"n6","size":"12px","line-height":"1.3","letter-spacing":"CT_CSS_SKIP_RULE","text-transform":"uppercase","text-decoration":"CT_CSS_SKIP_RULE"},"pageMetaFontColor":{"default":{"color":"CT_CSS_SKIP_RULEDEFAULT"},"hover":{"color":"CT_CSS_SKIP_RULEDEFAULT"}},"page_meta_button_type_font_colors":{"default":{"color":"CT_CSS_SKIP_RULEDEFAULT"},"hover":{"color":"CT_CSS_SKIP_RULEDEFAULT"}},"page_meta_button_type_background_colors":{"default":{"color":"CT_CSS_SKIP_RULEDEFAULT"},"hover":{"color":"CT_CSS_SKIP_RULEDEFAULT"}},"pageExcerptFont":{"family":"Default","variation":"Default","size":"CT_CSS_SKIP_RULE","line-height":"CT_CSS_SKIP_RULE","letter-spacing":"CT_CSS_SKIP_RULE","text-transform":"CT_CSS_SKIP_RULE","text-decoration":"CT_CSS_SKIP_RULE"},"pageExcerptColor":{"default":{"color":"CT_CSS_SKIP_RULEDEFAULT"}},"breadcrumbsFont":{"family":"Default","variation":"Default","size":"CT_CSS_SKIP_RULE","line-height":"CT_CSS_SKIP_RULE","letter-spacing":"CT_CSS_SKIP_RULE","text-transform":"CT_CSS_SKIP_RULE","text-decoration":"CT_CSS_SKIP_RULE"},"breadcrumbsFontColor":{"default":{"color":"CT_CSS_SKIP_RULEDEFAULT"},"initial":{"color":"CT_CSS_SKIP_RULEDEFAULT"},"hover":{"color":"CT_CSS_SKIP_RULEDEFAULT"}},"pageTitleOverlay":{"background_type":"color","background_pattern":"type-1","background_image":{"attachment_id":null,"x":0,"y":0},"gradient":"linear-gradient(135deg,rgba(6,147,227,1) 0%,rgb(155,81,224) 100%)","background_repeat":"repeat","background_size":"auto","background_attachment":"scroll","patternColor":{"default":{"color":"#e5e7ea"}},"overlayColor":{"default":{"color":"CT_CSS_SKIP_RULE"}},"backgroundColor":{"default":{"color":"CT_CSS_SKIP_RULE"}}},"pageTitleBackground":{"background_type":"color","background_pattern":"type-1","background_image":{"attachment_id":null,"x":0,"y":0},"gradient":"linear-gradient(135deg,rgba(6,147,227,1) 0%,rgb(155,81,224) 100%)","background_repeat":"repeat","background_size":"auto","background_attachment":"scroll","patternColor":{"default":{"color":"#e5e7ea"}},"overlayColor":{"default":{"color":"CT_CSS_SKIP_RULE"}},"backgroundColor":{"default":{"color":"var(--theme-palette-color-6)"}}},"pageTitlePadding":{"top":"50px","bottom":"50px","left":"auto","right":"auto","linked":true},"12e455f30de1d15aed0effbbb6f951bf":"","page_structure_type":"default","f474d2f3ad69b4e64f52dac0a3aa2bb2":"","content_style_source":"inherit","content_style":"wide","vertical_spacing_source":"custom","content_area_spacing":"none","background":{"background_type":"color","background_pattern":"type-1","background_image":{"attachment_id":null,"x":0,"y":0},"gradient":"linear-gradient(135deg,rgba(6,147,227,1) 0%,rgb(155,81,224) 100%)","background_repeat":"repeat","background_size":"auto","background_attachment":"scroll","patternColor":{"default":{"color":"#e5e7ea"}},"overlayColor":{"default":{"color":"CT_CSS_SKIP_RULE"}},"backgroundColor":{"default":{"color":"CT_CSS_SKIP_RULE"}}},"content_background":{"background_type":"color","background_pattern":"type-1","background_image":{"attachment_id":null,"x":0,"y":0},"gradient":"linear-gradient(135deg,rgba(6,147,227,1) 0%,rgb(155,81,224) 100%)","background_repeat":"repeat","background_size":"auto","background_attachment":"scroll","patternColor":{"default":{"color":"#e5e7ea"}},"overlayColor":{"default":{"color":"CT_CSS_SKIP_RULE"}},"backgroundColor":{"default":{"color":"var(--theme-palette-color-8)"}}},"content_boxed_shadow":{"inherit":false,"blur":18,"spread":-6,"v_offset":12,"h_offset":0,"inset":false,"enable":true,"color":{"color":"rgba(34, 56, 101, 0.04)"}},"content_boxed_border":{"width":1,"style":"none","color":{"color":"rgba(44,62,80,0.2)"}},"content_boxed_radius":{"top":"3px","bottom":"3px","left":"3px","right":"3px","linked":true},"boxed_content_spacing":{"desktop":{"top":"40px","bottom":"40px","left":"40px","right":"40px","linked":true},"tablet":{"top":"35px","bottom":"35px","left":"35px","right":"35px","linked":true},"mobile":{"top":"20px","bottom":"20px","left":"20px","right":"20px","linked":true}},"fca9f1d1c7aa58a4b21dd78357f6373e":"","disable_featured_image":"no","disable_share_box":"no","disable_header":"no","disable_footer":"no","styles_descriptor":{"styles":{"desktop":"","tablet":"","mobile":""},"google_fonts":[],"version":6}},"aioseo_notices":[],"_links":{"self":[{"href":"http:\/\/cmabio.uea.edu.br\/index.php\/wp-json\/wp\/v2\/pages\/829","targetHints":{"allow":["GET"]}}],"collection":[{"href":"http:\/\/cmabio.uea.edu.br\/index.php\/wp-json\/wp\/v2\/pages"}],"about":[{"href":"http:\/\/cmabio.uea.edu.br\/index.php\/wp-json\/wp\/v2\/types\/page"}],"author":[{"embeddable":true,"href":"http:\/\/cmabio.uea.edu.br\/index.php\/wp-json\/wp\/v2\/users\/1"}],"replies":[{"embeddable":true,"href":"http:\/\/cmabio.uea.edu.br\/index.php\/wp-json\/wp\/v2\/comments?post=829"}],"version-history":[{"count":8,"href":"http:\/\/cmabio.uea.edu.br\/index.php\/wp-json\/wp\/v2\/pages\/829\/revisions"}],"predecessor-version":[{"id":1822,"href":"http:\/\/cmabio.uea.edu.br\/index.php\/wp-json\/wp\/v2\/pages\/829\/revisions\/1822"}],"wp:attachment":[{"href":"http:\/\/cmabio.uea.edu.br\/index.php\/wp-json\/wp\/v2\/media?parent=829"}],"curies":[{"name":"wp","href":"https:\/\/api.w.org\/{rel}","templated":true}]}}