{"id":826,"date":"2025-08-27T10:13:24","date_gmt":"2025-08-27T13:13:24","guid":{"rendered":"http:\/\/172.16.1.60\/?page_id=826"},"modified":"2025-12-04T14:03:48","modified_gmt":"2025-12-04T18:03:48","slug":"ciencias-omicas","status":"publish","type":"page","link":"http:\/\/cmabio.uea.edu.br\/index.php\/ciencias-omicas\/","title":{"rendered":"Ci\u00eancias \u00d4micas"},"content":{"rendered":"\n<div class=\"wp-block-stackable-columns alignfull stk-block-columns stk-block stk-51b2b12 stk-block-background stk--has-background-overlay\" data-block-id=\"51b2b12\"><style>.stk-51b2b12 .stk--block-align-51b2b12{align-items:center !important;}.stk-51b2b12 {background-color:#000000 !important;background-image:url(http:\/\/cmabio.uea.edu.br\/wp-content\/uploads\/2025\/11\/blog10.jpg) !important;background-position:bottom center !important;background-repeat:no-repeat !important;background-size:cover !important;padding-top:300px !important;padding-bottom:200px !important;margin-bottom:0px !important;}.stk-51b2b12:before{background-color:#000000 !important;opacity:0.6 !important;}.stk-51b2b12-column{--stk-column-gap:35px !important;row-gap:35px !important;}@media screen and (max-width:999px){.stk-51b2b12 {padding-top:250px !important;padding-bottom:150px !important;}}@media screen and (max-width:689px){.stk-51b2b12 {padding-top:150px !important;padding-bottom:100px !important;}}<\/style><div class=\"stk-row stk-inner-blocks stk--block-align-51b2b12 stk-block-content stk-content-align stk-51b2b12-column alignfull\">\n<div class=\"wp-block-stackable-column stk-block-column stk-column stk-block stk-0e2597c\" data-v=\"4\" data-block-id=\"0e2597c\"><style>.stk-0e2597c-container{margin-top:0px !important;margin-right:0px !important;margin-bottom:0px !important;margin-left:0px !important;}<\/style><div class=\"stk-column-wrapper stk-block-column__content stk-container stk-0e2597c-container stk--no-background stk--no-padding\"><div class=\"stk-block-content stk-inner-blocks stk-0e2597c-inner-blocks\">\n<div class=\"wp-block-stackable-heading stk-block-heading stk-block-heading--v2 stk-block stk-45aa733\" id=\"ciencias-omicas\" data-block-id=\"45aa733\"><style>.stk-45aa733 .stk-block-heading__text{color:var(--theme-palette-color-6, #F3F5F9) !important;}<\/style><h2 class=\"stk-block-heading__text has-text-color has-text-align-center\">Ci\u00eancias \u00d4micas<\/h2><\/div>\n<\/div><\/div><\/div>\n<\/div><\/div>\n\n\n\n<div class=\"wp-block-stackable-spacer stk-block-spacer stk--no-padding stk-block stk-cef4b46\" data-block-id=\"cef4b46\"><style>.stk-cef4b46 {height:140px !important;}<\/style><\/div>\n\n\n\n<div class=\"wp-block-stackable-heading stk-block-heading stk-block-heading--v2 stk-block stk-6ec5a5b\" id=\"concentrador-rotativo-a-vacuo-rvc-2-25-cd\" data-block-id=\"6ec5a5b\"><style>.stk-6ec5a5b {margin-bottom:50px !important;}.stk-6ec5a5b .stk-block-heading__text{font-size:30px !important;font-weight:800 !important;font-family:system-ui, sans-serif !important;}@media screen and (max-width:999px){.stk-6ec5a5b .stk-block-heading__text{font-size:30px !important;}}<\/style><h2 class=\"stk-block-heading__text\">Concentrador rotativo a v\u00e1cuo RVC 2-25CD<\/h2><\/div>\n\n\n\n<figure class=\"wp-block-image aligncenter size-large is-resized\"><img loading=\"lazy\" decoding=\"async\" width=\"1024\" height=\"565\" src=\"http:\/\/172.16.1.60\/wp-content\/uploads\/2025\/09\/speed-vac-1024x565.jpg\" alt=\"\" class=\"wp-image-1237\" style=\"width:730px\" srcset=\"http:\/\/cmabio.uea.edu.br\/wp-content\/uploads\/2025\/09\/speed-vac-1024x565.jpg 1024w, http:\/\/cmabio.uea.edu.br\/wp-content\/uploads\/2025\/09\/speed-vac-300x166.jpg 300w, http:\/\/cmabio.uea.edu.br\/wp-content\/uploads\/2025\/09\/speed-vac-768x424.jpg 768w, http:\/\/cmabio.uea.edu.br\/wp-content\/uploads\/2025\/09\/speed-vac-1536x848.jpg 1536w, http:\/\/cmabio.uea.edu.br\/wp-content\/uploads\/2025\/09\/speed-vac-2048x1130.jpg 2048w\" sizes=\"auto, (max-width: 1024px) 100vw, 1024px\" \/><\/figure>\n\n\n\n<div class=\"wp-block-stackable-spacer stk-block-spacer stk--no-padding stk-block stk-9789363\" data-block-id=\"9789363\"><style>.stk-9789363 {height:60px !important;}<\/style><\/div>\n\n\n\n<ul class=\"wp-block-list\">\n<li>Permite a concentra\u00e7\u00e3o de amostras termo sens\u00edveis por evapora\u00e7\u00e3o;<\/li>\n\n\n\n<li>Sistema \u00e9 composto pelo concentrador, rotor onde os tubos contendo as amostras s\u00e3o acondicionados, bomba de v\u00e1cuo e em alguns casos o cooling trap;<\/li>\n\n\n\n<li>Trabalha com solventes aquosos e de baixo ponto de ebuli\u00e7\u00e3o;<\/li>\n\n\n\n<li>V\u00e1rias op\u00e7\u00f5es para rotores;<\/li>\n\n\n\n<li>1350rpm \/ 235xg;<\/li>\n\n\n\n<li>Temperatura: 30 a 60 \u00b0C.<\/li>\n<\/ul>\n\n\n\n<div class=\"wp-block-stackable-spacer stk-block-spacer stk--no-padding stk-block stk-5257ba7\" data-block-id=\"5257ba7\"><\/div>\n\n\n\n<div class=\"wp-block-stackable-heading stk-block-heading stk-block-heading--v2 stk-block stk-05ee817\" id=\"sistema-de-ultrapurificacao-de-agua-elga-pqdiuvm-1\" data-block-id=\"05ee817\"><style>.stk-05ee817 {margin-bottom:50px !important;}.stk-05ee817 .stk-block-heading__text{font-size:30px !important;font-weight:800 !important;font-family:system-ui, sans-serif !important;}@media screen and (max-width:999px){.stk-05ee817 .stk-block-heading__text{font-size:30px !important;}}<\/style><h2 class=\"stk-block-heading__text\">Sistema de ultrapurifica\u00e7\u00e3o de \u00e1gua ELGA PQDIUVM1<\/h2><\/div>\n\n\n\n<figure class=\"wp-block-image aligncenter size-large is-resized\"><img loading=\"lazy\" decoding=\"async\" width=\"768\" height=\"1024\" src=\"http:\/\/172.16.1.60\/wp-content\/uploads\/2025\/09\/purificador-de-agua-768x1024.jpg\" alt=\"\" class=\"wp-image-1239\" style=\"width:390px;height:auto\" srcset=\"http:\/\/cmabio.uea.edu.br\/wp-content\/uploads\/2025\/09\/purificador-de-agua-768x1024.jpg 768w, http:\/\/cmabio.uea.edu.br\/wp-content\/uploads\/2025\/09\/purificador-de-agua-225x300.jpg 225w, http:\/\/cmabio.uea.edu.br\/wp-content\/uploads\/2025\/09\/purificador-de-agua-1152x1536.jpg 1152w, http:\/\/cmabio.uea.edu.br\/wp-content\/uploads\/2025\/09\/purificador-de-agua.jpg 1200w\" sizes=\"auto, (max-width: 768px) 100vw, 768px\" \/><\/figure>\n\n\n\n<div class=\"wp-block-stackable-spacer stk-block-spacer stk--no-padding stk-block stk-1a4a82b\" data-block-id=\"1a4a82b\"><\/div>\n\n\n\n<ul class=\"wp-block-list\">\n<li>Sistema avan\u00e7ado de purifica\u00e7\u00e3o de \u00e1gua para remover contaminantes e produzir \u00e1gua ultrapura para resultados laboratoriais mais precisos;<\/li>\n\n\n\n<li>Qualidade da \u00e1gua produzida:&nbsp;Tipo I (\u00e1gua ultrapura); Tipo II (\u00e1gua pura); Tipo III (\u00e1gua RO, grau prim\u00e1rio).<\/li>\n<\/ul>\n\n\n\n<div class=\"wp-block-stackable-spacer stk-block-spacer stk--no-padding stk-block stk-be74aa7\" data-block-id=\"be74aa7\"><\/div>\n\n\n\n<div class=\"wp-block-stackable-heading stk-block-heading stk-block-heading--v2 stk-block stk-46ed427\" id=\"banho-ultrassonico-15-l-modelo-l-100-schuster\" data-block-id=\"46ed427\"><style>.stk-46ed427 {margin-bottom:50px !important;}.stk-46ed427 .stk-block-heading__text{font-size:30px !important;font-weight:800 !important;font-family:system-ui, sans-serif !important;}@media screen and (max-width:999px){.stk-46ed427 .stk-block-heading__text{font-size:30px !important;}}<\/style><h2 class=\"stk-block-heading__text\">Banho ultrass\u00f4nico 15 L modelo L100, Schuster<\/h2><\/div>\n\n\n\n<figure class=\"wp-block-image aligncenter size-large is-resized\"><img loading=\"lazy\" decoding=\"async\" width=\"768\" height=\"1024\" src=\"http:\/\/172.16.1.60\/wp-content\/uploads\/2025\/09\/banho-ultrassonico-768x1024.jpg\" alt=\"\" class=\"wp-image-1241\" style=\"width:390px;height:auto\" srcset=\"http:\/\/cmabio.uea.edu.br\/wp-content\/uploads\/2025\/09\/banho-ultrassonico-768x1024.jpg 768w, http:\/\/cmabio.uea.edu.br\/wp-content\/uploads\/2025\/09\/banho-ultrassonico-225x300.jpg 225w, http:\/\/cmabio.uea.edu.br\/wp-content\/uploads\/2025\/09\/banho-ultrassonico-1152x1536.jpg 1152w, http:\/\/cmabio.uea.edu.br\/wp-content\/uploads\/2025\/09\/banho-ultrassonico.jpg 1200w\" sizes=\"auto, (max-width: 768px) 100vw, 768px\" \/><\/figure>\n\n\n\n<div class=\"wp-block-stackable-spacer stk-block-spacer stk--no-padding stk-block stk-7937f51\" data-block-id=\"7937f51\"><\/div>\n\n\n\n<div class=\"wp-block-stackable-heading stk-block-heading stk-block-heading--v2 stk-block stk-da32130\" id=\"rotaevaporador-gehaka-re-100-pro-biovera\" data-block-id=\"da32130\"><style>.stk-da32130 {margin-bottom:50px !important;}.stk-da32130 .stk-block-heading__text{font-size:30px !important;font-weight:800 !important;font-family:system-ui, sans-serif !important;}@media screen and (max-width:999px){.stk-da32130 .stk-block-heading__text{font-size:30px !important;}}<\/style><h2 class=\"stk-block-heading__text\">Rotaevaporador GEHAKA RE100-PRO, Biovera<\/h2><\/div>\n\n\n\n<figure class=\"wp-block-image aligncenter size-large is-resized\"><img loading=\"lazy\" decoding=\"async\" width=\"768\" height=\"1024\" src=\"http:\/\/172.16.1.60\/wp-content\/uploads\/2025\/10\/rotaevaporador-768x1024.jpg\" alt=\"\" class=\"wp-image-1274\" style=\"width:390px\" srcset=\"http:\/\/cmabio.uea.edu.br\/wp-content\/uploads\/2025\/10\/rotaevaporador-768x1024.jpg 768w, http:\/\/cmabio.uea.edu.br\/wp-content\/uploads\/2025\/10\/rotaevaporador-225x300.jpg 225w, http:\/\/cmabio.uea.edu.br\/wp-content\/uploads\/2025\/10\/rotaevaporador-1152x1536.jpg 1152w, http:\/\/cmabio.uea.edu.br\/wp-content\/uploads\/2025\/10\/rotaevaporador.jpg 1200w\" sizes=\"auto, (max-width: 768px) 100vw, 768px\" \/><\/figure>\n\n\n\n<div class=\"wp-block-stackable-spacer stk-block-spacer stk--no-padding stk-block stk-298227f\" data-block-id=\"298227f\"><\/div>\n\n\n\n<div class=\"wp-block-stackable-heading stk-block-heading stk-block-heading--v2 stk-block stk-960f415\" id=\"sistema-manifold-para-extracao-em-fase-solida-sys-croma\" data-block-id=\"960f415\"><style>.stk-960f415 {margin-bottom:50px !important;}.stk-960f415 .stk-block-heading__text{font-size:30px !important;font-weight:800 !important;font-family:system-ui, sans-serif !important;}@media screen and (max-width:999px){.stk-960f415 .stk-block-heading__text{font-size:30px !important;}}<\/style><h2 class=\"stk-block-heading__text\">Sistema Manifold para extra\u00e7\u00e3o em fase solida, SysCroma<\/h2><\/div>\n\n\n\n<figure class=\"wp-block-image aligncenter size-full is-resized\"><img loading=\"lazy\" decoding=\"async\" width=\"960\" height=\"764\" src=\"http:\/\/172.16.1.60\/wp-content\/uploads\/2025\/10\/manifold-1.jpg\" alt=\"\" class=\"wp-image-1276\" style=\"width:490px\" srcset=\"http:\/\/cmabio.uea.edu.br\/wp-content\/uploads\/2025\/10\/manifold-1.jpg 960w, http:\/\/cmabio.uea.edu.br\/wp-content\/uploads\/2025\/10\/manifold-1-300x239.jpg 300w, http:\/\/cmabio.uea.edu.br\/wp-content\/uploads\/2025\/10\/manifold-1-768x611.jpg 768w\" sizes=\"auto, (max-width: 960px) 100vw, 960px\" \/><\/figure>\n\n\n\n<div class=\"wp-block-stackable-spacer stk-block-spacer stk--no-padding stk-block stk-bc78450\" data-block-id=\"bc78450\"><\/div>\n\n\n\n<div class=\"wp-block-stackable-heading stk-block-heading stk-block-heading--v2 stk-block stk-62c4158\" id=\"liofilizador-alpha-1-2-martin-christ\" data-block-id=\"62c4158\"><style>.stk-62c4158 {margin-bottom:50px !important;}.stk-62c4158 .stk-block-heading__text{font-size:30px !important;font-weight:800 !important;font-family:system-ui, sans-serif !important;}@media screen and (max-width:999px){.stk-62c4158 .stk-block-heading__text{font-size:30px !important;}}<\/style><h2 class=\"stk-block-heading__text\">Liofilizador Alpha 1-2, Martin Christ<\/h2><\/div>\n\n\n\n<figure class=\"wp-block-image aligncenter size-large is-resized\"><img loading=\"lazy\" decoding=\"async\" width=\"768\" height=\"1024\" src=\"http:\/\/172.16.1.60\/wp-content\/uploads\/2025\/10\/liofilizador-768x1024.jpg\" alt=\"\" class=\"wp-image-1278\" style=\"width:426px;height:auto\" srcset=\"http:\/\/cmabio.uea.edu.br\/wp-content\/uploads\/2025\/10\/liofilizador-768x1024.jpg 768w, http:\/\/cmabio.uea.edu.br\/wp-content\/uploads\/2025\/10\/liofilizador-225x300.jpg 225w, http:\/\/cmabio.uea.edu.br\/wp-content\/uploads\/2025\/10\/liofilizador-1152x1536.jpg 1152w, http:\/\/cmabio.uea.edu.br\/wp-content\/uploads\/2025\/10\/liofilizador.jpg 1200w\" sizes=\"auto, (max-width: 768px) 100vw, 768px\" \/><\/figure>\n\n\n\n<div class=\"wp-block-stackable-spacer stk-block-spacer stk--no-padding stk-block stk-4fdcdfc\" data-block-id=\"4fdcdfc\"><\/div>\n\n\n\n<div class=\"wp-block-stackable-heading stk-block-heading stk-block-heading--v2 stk-block stk-7cc0289\" id=\"banho-seco-com-blocos-intercambiaveis-lgi-scientific\" data-block-id=\"7cc0289\"><style>.stk-7cc0289 {margin-bottom:50px !important;}.stk-7cc0289 .stk-block-heading__text{font-size:30px !important;font-weight:800 !important;font-family:system-ui, sans-serif !important;}@media screen and (max-width:999px){.stk-7cc0289 .stk-block-heading__text{font-size:30px !important;}}<\/style><h2 class=\"stk-block-heading__text\">Banho seco com blocos intercambi\u00e1veis, LGI Scientific<\/h2><\/div>\n\n\n\n<figure class=\"wp-block-image aligncenter size-large is-resized\"><img loading=\"lazy\" decoding=\"async\" width=\"768\" height=\"1024\" src=\"http:\/\/172.16.1.60\/wp-content\/uploads\/2025\/10\/banho-seco-768x1024.jpg\" alt=\"\" class=\"wp-image-1279\" style=\"width:390px\" srcset=\"http:\/\/cmabio.uea.edu.br\/wp-content\/uploads\/2025\/10\/banho-seco-768x1024.jpg 768w, http:\/\/cmabio.uea.edu.br\/wp-content\/uploads\/2025\/10\/banho-seco-225x300.jpg 225w, http:\/\/cmabio.uea.edu.br\/wp-content\/uploads\/2025\/10\/banho-seco-1152x1536.jpg 1152w, http:\/\/cmabio.uea.edu.br\/wp-content\/uploads\/2025\/10\/banho-seco.jpg 1200w\" sizes=\"auto, (max-width: 768px) 100vw, 768px\" \/><\/figure>\n\n\n\n<div class=\"wp-block-stackable-spacer stk-block-spacer stk--no-padding stk-block stk-82b86b8\" data-block-id=\"82b86b8\"><\/div>\n\n\n\n<div class=\"wp-block-stackable-heading stk-block-heading stk-block-heading--v2 stk-block stk-807fcdf\" id=\"centrifuga-refrigerada-de-bancada-420-r-hettich\" data-block-id=\"807fcdf\"><style>.stk-807fcdf {margin-bottom:50px !important;}.stk-807fcdf .stk-block-heading__text{font-size:30px !important;font-weight:800 !important;font-family:system-ui, sans-serif !important;}@media screen and (max-width:999px){.stk-807fcdf .stk-block-heading__text{font-size:30px !important;}}<\/style><h2 class=\"stk-block-heading__text\">Centr\u00edfuga refrigerada de bancada 420R, Hettich<\/h2><\/div>\n\n\n\n<figure class=\"wp-block-image aligncenter size-large is-resized\"><img loading=\"lazy\" decoding=\"async\" width=\"1024\" height=\"857\" src=\"http:\/\/172.16.1.60\/wp-content\/uploads\/2025\/11\/centrifuga-1024x857.jpg\" alt=\"\" class=\"wp-image-1454\" style=\"width:431px\" srcset=\"http:\/\/cmabio.uea.edu.br\/wp-content\/uploads\/2025\/11\/centrifuga-1024x857.jpg 1024w, http:\/\/cmabio.uea.edu.br\/wp-content\/uploads\/2025\/11\/centrifuga-300x251.jpg 300w, http:\/\/cmabio.uea.edu.br\/wp-content\/uploads\/2025\/11\/centrifuga-768x643.jpg 768w, http:\/\/cmabio.uea.edu.br\/wp-content\/uploads\/2025\/11\/centrifuga.jpg 1200w\" sizes=\"auto, (max-width: 1024px) 100vw, 1024px\" \/><\/figure>\n\n\n\n<div class=\"wp-block-stackable-spacer stk-block-spacer stk--no-padding stk-block stk-b8ee608\" data-block-id=\"b8ee608\"><style>.stk-b8ee608 {height:140px !important;}<\/style><\/div>\n","protected":false},"excerpt":{"rendered":"<p>Ci\u00eancias \u00d4micas Concentrador rotativo a v\u00e1cuo RVC 2-25CD Sistema de ultrapurifica\u00e7\u00e3o de \u00e1gua ELGA PQDIUVM1 Banho ultrass\u00f4nico 15 L modelo L100, Schuster Rotaevaporador GEHAKA RE100-PRO, Biovera Sistema Manifold para extra\u00e7\u00e3o em fase solida, SysCroma Liofilizador Alpha 1-2, Martin Christ Banho seco com blocos intercambi\u00e1veis, LGI Scientific Centr\u00edfuga refrigerada de bancada 420R, Hettich<\/p>\n","protected":false},"author":1,"featured_media":0,"parent":0,"menu_order":0,"comment_status":"closed","ping_status":"closed","template":"","meta":{"om_disable_all_campaigns":false,"_monsterinsights_skip_tracking":false,"_monsterinsights_sitenote_active":false,"_monsterinsights_sitenote_note":"","_monsterinsights_sitenote_category":0,"footnotes":""},"class_list":["post-826","page","type-page","status-publish","hentry"],"blocksy_meta":{"page_title_panel":"","has_hero_section":"disabled","fe1c64ab89945cda534f4bb2d579ae1a":"","hero_section":"type-1","hero_elements":[{"id":"custom_title","enabled":true,"heading_tag":"h1","title":"Home"},{"id":"custom_description","enabled":true,"description_visibility":{"desktop":true,"tablet":true,"mobile":false}},{"id":"custom_meta","enabled":false,"meta_elements":[{"id":"author","enabled":true,"label":"By","has_author_avatar":"yes","avatar_size":25},{"id":"post_date","enabled":true,"label":"On","date_format_source":"default","date_format":"M j, Y"},{"id":"updated_date","enabled":false,"label":"On","date_format_source":"default","date_format":"M j, Y"},{"id":"categories","enabled":false,"label":"In","style":"simple"},{"id":"comments","enabled":true}],"page_meta_elements":{"joined":true,"articles_count":true,"comments":true}},{"id":"breadcrumbs","enabled":false}],"433b02732bec8d55ec282f00a9a700eb":"","hero_alignment1":"CT_CSS_SKIP_RULE","hero_margin":40,"hero_alignment2":"center","hero_vertical_alignment":"center","fdbb34d69d6afe2394c07d96c9ea0b60":"","hero_structure":"narrow","cb306aece5e91b9a44875e4a81075440":"","page_title_bg_type":"featured_image","custom_hero_background":{"attachment_id":null},"page_title_image_size":"full","parallax":{"desktop":false,"tablet":false,"mobile":false},"034bc954f3c533bc75ffdf62670c8395":"","hero_height":"250px","pageTitleFont":{"family":"Default","variation":"Default","size":"30px","line-height":"CT_CSS_SKIP_RULE","letter-spacing":"CT_CSS_SKIP_RULE","text-transform":"CT_CSS_SKIP_RULE","text-decoration":"CT_CSS_SKIP_RULE"},"pageTitleFontColor":{"default":{"color":"CT_CSS_SKIP_RULEDEFAULT"}},"pageMetaFont":{"family":"Default","variation":"n6","size":"12px","line-height":"1.3","letter-spacing":"CT_CSS_SKIP_RULE","text-transform":"uppercase","text-decoration":"CT_CSS_SKIP_RULE"},"pageMetaFontColor":{"default":{"color":"CT_CSS_SKIP_RULEDEFAULT"},"hover":{"color":"CT_CSS_SKIP_RULEDEFAULT"}},"page_meta_button_type_font_colors":{"default":{"color":"CT_CSS_SKIP_RULEDEFAULT"},"hover":{"color":"CT_CSS_SKIP_RULEDEFAULT"}},"page_meta_button_type_background_colors":{"default":{"color":"CT_CSS_SKIP_RULEDEFAULT"},"hover":{"color":"CT_CSS_SKIP_RULEDEFAULT"}},"pageExcerptFont":{"family":"Default","variation":"Default","size":"CT_CSS_SKIP_RULE","line-height":"CT_CSS_SKIP_RULE","letter-spacing":"CT_CSS_SKIP_RULE","text-transform":"CT_CSS_SKIP_RULE","text-decoration":"CT_CSS_SKIP_RULE"},"pageExcerptColor":{"default":{"color":"CT_CSS_SKIP_RULEDEFAULT"}},"breadcrumbsFont":{"family":"Default","variation":"Default","size":"CT_CSS_SKIP_RULE","line-height":"CT_CSS_SKIP_RULE","letter-spacing":"CT_CSS_SKIP_RULE","text-transform":"CT_CSS_SKIP_RULE","text-decoration":"CT_CSS_SKIP_RULE"},"breadcrumbsFontColor":{"default":{"color":"CT_CSS_SKIP_RULEDEFAULT"},"initial":{"color":"CT_CSS_SKIP_RULEDEFAULT"},"hover":{"color":"CT_CSS_SKIP_RULEDEFAULT"}},"pageTitleOverlay":{"background_type":"color","background_pattern":"type-1","background_image":{"attachment_id":null,"x":0,"y":0},"gradient":"linear-gradient(135deg,rgba(6,147,227,1) 0%,rgb(155,81,224) 100%)","background_repeat":"repeat","background_size":"auto","background_attachment":"scroll","patternColor":{"default":{"color":"#e5e7ea"}},"overlayColor":{"default":{"color":"CT_CSS_SKIP_RULE"}},"backgroundColor":{"default":{"color":"CT_CSS_SKIP_RULE"}}},"pageTitleBackground":{"background_type":"color","background_pattern":"type-1","background_image":{"attachment_id":null,"x":0,"y":0},"gradient":"linear-gradient(135deg,rgba(6,147,227,1) 0%,rgb(155,81,224) 100%)","background_repeat":"repeat","background_size":"auto","background_attachment":"scroll","patternColor":{"default":{"color":"#e5e7ea"}},"overlayColor":{"default":{"color":"CT_CSS_SKIP_RULE"}},"backgroundColor":{"default":{"color":"var(--theme-palette-color-6)"}}},"pageTitlePadding":{"top":"50px","bottom":"50px","left":"auto","right":"auto","linked":true},"12e455f30de1d15aed0effbbb6f951bf":"","page_structure_type":"default","f474d2f3ad69b4e64f52dac0a3aa2bb2":"","content_style_source":"inherit","content_style":"wide","vertical_spacing_source":"custom","content_area_spacing":"none","background":{"background_type":"color","background_pattern":"type-1","background_image":{"attachment_id":null,"x":0,"y":0},"gradient":"linear-gradient(135deg,rgba(6,147,227,1) 0%,rgb(155,81,224) 100%)","background_repeat":"repeat","background_size":"auto","background_attachment":"scroll","patternColor":{"default":{"color":"#e5e7ea"}},"overlayColor":{"default":{"color":"CT_CSS_SKIP_RULE"}},"backgroundColor":{"default":{"color":"CT_CSS_SKIP_RULE"}}},"content_background":{"background_type":"color","background_pattern":"type-1","background_image":{"attachment_id":null,"x":0,"y":0},"gradient":"linear-gradient(135deg,rgba(6,147,227,1) 0%,rgb(155,81,224) 100%)","background_repeat":"repeat","background_size":"auto","background_attachment":"scroll","patternColor":{"default":{"color":"#e5e7ea"}},"overlayColor":{"default":{"color":"CT_CSS_SKIP_RULE"}},"backgroundColor":{"default":{"color":"var(--theme-palette-color-8)"}}},"content_boxed_shadow":{"inherit":false,"blur":18,"spread":-6,"v_offset":12,"h_offset":0,"inset":false,"enable":true,"color":{"color":"rgba(34, 56, 101, 0.04)"}},"content_boxed_border":{"width":1,"style":"none","color":{"color":"rgba(44,62,80,0.2)"}},"content_boxed_radius":{"top":"3px","bottom":"3px","left":"3px","right":"3px","linked":true},"boxed_content_spacing":{"desktop":{"top":"40px","bottom":"40px","left":"40px","right":"40px","linked":true},"tablet":{"top":"35px","bottom":"35px","left":"35px","right":"35px","linked":true},"mobile":{"top":"20px","bottom":"20px","left":"20px","right":"20px","linked":true}},"fca9f1d1c7aa58a4b21dd78357f6373e":"","disable_featured_image":"no","disable_share_box":"no","disable_header":"no","disable_footer":"no","styles_descriptor":{"styles":{"desktop":"","tablet":"","mobile":""},"google_fonts":[],"version":6}},"aioseo_notices":[],"_links":{"self":[{"href":"http:\/\/cmabio.uea.edu.br\/index.php\/wp-json\/wp\/v2\/pages\/826","targetHints":{"allow":["GET"]}}],"collection":[{"href":"http:\/\/cmabio.uea.edu.br\/index.php\/wp-json\/wp\/v2\/pages"}],"about":[{"href":"http:\/\/cmabio.uea.edu.br\/index.php\/wp-json\/wp\/v2\/types\/page"}],"author":[{"embeddable":true,"href":"http:\/\/cmabio.uea.edu.br\/index.php\/wp-json\/wp\/v2\/users\/1"}],"replies":[{"embeddable":true,"href":"http:\/\/cmabio.uea.edu.br\/index.php\/wp-json\/wp\/v2\/comments?post=826"}],"version-history":[{"count":20,"href":"http:\/\/cmabio.uea.edu.br\/index.php\/wp-json\/wp\/v2\/pages\/826\/revisions"}],"predecessor-version":[{"id":1801,"href":"http:\/\/cmabio.uea.edu.br\/index.php\/wp-json\/wp\/v2\/pages\/826\/revisions\/1801"}],"wp:attachment":[{"href":"http:\/\/cmabio.uea.edu.br\/index.php\/wp-json\/wp\/v2\/media?parent=826"}],"curies":[{"name":"wp","href":"https:\/\/api.w.org\/{rel}","templated":true}]}}