{"id":805,"date":"2025-08-27T10:03:09","date_gmt":"2025-08-27T13:03:09","guid":{"rendered":"http:\/\/172.16.1.60\/?page_id=805"},"modified":"2025-12-04T14:06:01","modified_gmt":"2025-12-04T18:06:01","slug":"jeol-jsm-it-500-hr-mev","status":"publish","type":"page","link":"http:\/\/cmabio.uea.edu.br\/index.php\/jeol-jsm-it-500-hr-mev\/","title":{"rendered":"Jeol JSM IT 500-HR (MEV)"},"content":{"rendered":"\n<div class=\"wp-block-stackable-columns alignfull stk-block-columns stk-block stk-51b2b12 stk-block-background stk--has-background-overlay\" data-block-id=\"51b2b12\"><style>.stk-51b2b12 .stk--block-align-51b2b12{align-items:center !important;}.stk-51b2b12 {background-color:#000000 !important;background-image:url(http:\/\/cmabio.uea.edu.br\/wp-content\/uploads\/2025\/11\/blog10.jpg) !important;background-position:bottom center !important;background-repeat:no-repeat !important;background-size:cover !important;padding-top:300px !important;padding-bottom:200px !important;margin-bottom:0px !important;}.stk-51b2b12:before{background-color:#000000 !important;opacity:0.6 !important;}.stk-51b2b12-column{--stk-column-gap:35px !important;row-gap:35px !important;}@media screen and (max-width:999px){.stk-51b2b12 {padding-top:250px !important;padding-bottom:150px !important;}}@media screen and (max-width:689px){.stk-51b2b12 {padding-top:150px !important;padding-bottom:100px !important;}}<\/style><div class=\"stk-row stk-inner-blocks stk--block-align-51b2b12 stk-block-content stk-content-align stk-51b2b12-column alignfull\">\n<div class=\"wp-block-stackable-column stk-block-column stk-column stk-block stk-0e2597c\" data-v=\"4\" data-block-id=\"0e2597c\"><style>.stk-0e2597c-container{margin-top:0px !important;margin-right:0px !important;margin-bottom:0px !important;margin-left:0px !important;}<\/style><div class=\"stk-column-wrapper stk-block-column__content stk-container stk-0e2597c-container stk--no-background stk--no-padding\"><div class=\"stk-block-content stk-inner-blocks stk-0e2597c-inner-blocks\">\n<div class=\"wp-block-stackable-heading stk-block-heading stk-block-heading--v2 stk-block stk-45aa733\" id=\"jeol-jsm-it-500-hr-mev\" data-block-id=\"45aa733\"><style>.stk-45aa733 .stk-block-heading__text{color:var(--theme-palette-color-6, #F3F5F9) !important;}<\/style><h2 class=\"stk-block-heading__text has-text-color has-text-align-center\">Jeol JSM IT 500-HR (MEV)<\/h2><\/div>\n<\/div><\/div><\/div>\n<\/div><\/div>\n\n\n\n<div class=\"wp-block-stackable-spacer stk-block-spacer stk--no-padding stk-block stk-a45aee1\" data-block-id=\"a45aee1\"><style>.stk-a45aee1 {height:140px !important;}<\/style><\/div>\n\n\n\n<div class=\"wp-block-stackable-heading stk-block-heading stk-block-heading--v2 stk-block stk-fc24800\" id=\"microscopio-eletronico-de-varredura-mev\" data-block-id=\"fc24800\"><style>.stk-fc24800 {margin-bottom:50px !important;}.stk-fc24800 .stk-block-heading__text{font-size:30px !important;font-weight:800 !important;font-family:system-ui, sans-serif !important;}@media screen and (max-width:999px){.stk-fc24800 .stk-block-heading__text{font-size:30px !important;}}<\/style><h2 class=\"stk-block-heading__text has-text-align-left\">Microsc\u00f3pio Eletr\u00f4nico de Varredura (MEV)<\/h2><\/div>\n\n\n\n<figure class=\"wp-block-image aligncenter size-large is-resized\"><img loading=\"lazy\" decoding=\"async\" width=\"1024\" height=\"791\" src=\"http:\/\/172.16.1.60\/wp-content\/uploads\/2025\/09\/IMG_2674-1024x791.jpg\" alt=\"\" class=\"wp-image-1214\" style=\"width:830px;height:auto\" srcset=\"http:\/\/cmabio.uea.edu.br\/wp-content\/uploads\/2025\/09\/IMG_2674-1024x791.jpg 1024w, http:\/\/cmabio.uea.edu.br\/wp-content\/uploads\/2025\/09\/IMG_2674-300x232.jpg 300w, http:\/\/cmabio.uea.edu.br\/wp-content\/uploads\/2025\/09\/IMG_2674-768x594.jpg 768w, http:\/\/cmabio.uea.edu.br\/wp-content\/uploads\/2025\/09\/IMG_2674-1536x1187.jpg 1536w, http:\/\/cmabio.uea.edu.br\/wp-content\/uploads\/2025\/09\/IMG_2674-2048x1583.jpg 2048w\" sizes=\"auto, (max-width: 1024px) 100vw, 1024px\" \/><\/figure>\n\n\n\n<div class=\"wp-block-stackable-spacer stk-block-spacer stk--no-padding stk-block stk-41b8a18\" data-block-id=\"41b8a18\"><style>.stk-41b8a18 {height:60px !important;}<\/style><\/div>\n\n\n\n<div class=\"wp-block-stackable-text stk-block-text stk-block stk-71fc1b5\" data-block-id=\"71fc1b5\"><p class=\"stk-block-text__text\">O Jeol JSM IT500-HR \u00e9 um microsc\u00f3pio eletr\u00f4nico de varredura (MEV) de alta resolu\u00e7\u00e3o, possui diversas caracter\u00edsticas que permitem a obten\u00e7\u00e3o de imagens de alta qualidade, como:&nbsp; &nbsp; &nbsp; &nbsp;\u200b<\/p><\/div>\n\n\n\n<ul class=\"wp-block-list\">\n<li>Emite el\u00e9trons&nbsp;por um&nbsp;canh\u00e3o de emiss\u00e3o&nbsp;de campo&nbsp;(FEG \u2013&nbsp;Field Emission Gun), de longa vida \u00fatil (5 anos) e alto brilho com corrente est\u00e1vel da sonda.&nbsp;Isso \u00e9 ideal para aquisi\u00e7\u00f5es por longos per\u00edodos, como o mapeamento automatizado de grandes \u00e1reas, proporcionando a obten\u00e7\u00e3o de imagens com baixo ru\u00eddo;<\/li>\n\n\n\n<li>O Jeol JSM-IT500HR possui um emissor de alto brilho e longa vida com corrente de sonda est\u00e1vel. Isso \u00e9 ideal para aquisi\u00e7\u00f5es por longos per\u00edodos, como mapeamento automatizado de grandes \u00e1reas;<\/li>\n\n\n\n<li>Permite a obten\u00e7\u00e3o de micrografias com o aumento de at\u00e9 600 mil vezes e resolu\u00e7\u00e3o superior a 2 nm em condi\u00e7\u00f5es ideais;<\/li>\n\n\n\n<li>Apresenta um sistema de baixo v\u00e1cuo totalmente integrado e automatizado, o que permite a visualiza\u00e7\u00e3o de amostras n\u00e3o metalizadas e hidratadas;<\/li>\n\n\n\n<li>\u200bAcoplado com um sistema de Espectrometria por Energia Dispersiva de Raios-X (EDS), usado para a an\u00e1lise elementar ou caracteriza\u00e7\u00e3o qu\u00edmica de amostras, os principais elementos s\u00e3o identificados automaticamente e exibidos na tela de observa\u00e7\u00e3o.<\/li>\n<\/ul>\n\n\n\n<div class=\"wp-block-stackable-subtitle stk-block-subtitle stk-block stk-4e25824\" data-block-id=\"4e25824\"><style>.stk-4e25824 .stk-block-subtitle__text{font-size:20px !important;font-weight:800 !important;font-family:system-ui, sans-serif !important;}@media screen and (max-width:999px){.stk-4e25824 .stk-block-subtitle__text{font-size:20px !important;}}<\/style><p class=\"stk-block-subtitle__text stk-subtitle\"><strong>Aplica\u00e7\u00f5es<\/strong><\/p><\/div>\n\n\n\n<ol class=\"wp-block-list\">\n<li><strong>Ci\u00eancias dos materiais:<\/strong>\n<ul class=\"wp-block-list\">\n<li>Permite a an\u00e1lise estrutural de materiais, controle de qualidade e falhas;<\/li>\n\n\n\n<li>Caracteriza\u00e7\u00e3o e metrologia de nanomateriais&nbsp;;<\/li>\n\n\n\n<li>Estudo de ligas met\u00e1licas, cer\u00e2micas, pol\u00edmeros, etc.;<\/li>\n\n\n\n<li>Fornece dados indispens\u00e1veis para a caracteriza\u00e7\u00e3o de novos materiais de alta tecnologia.<\/li>\n<\/ul>\n<\/li>\n\n\n\n<li><strong>Ci\u00eancias biom\u00e9dicas:<\/strong>\n<ul class=\"wp-block-list\">\n<li>Permite a an\u00e1lise morfol\u00f3gica de amostras biol\u00f3gicas, como tecidos animais, bact\u00e9rias e v\u00edrus;<\/li>\n\n\n\n<li>Estudo de intera\u00e7\u00f5es pat\u00f3geno-hospedeiro;<\/li>\n\n\n\n<li>Avalia\u00e7\u00e3o de citotoxicidade e outros efeitos de drogas, compostos e medicamentos na organiza\u00e7\u00e3o estrutural de diferentes modelos celulares;<\/li>\n\n\n\n<li>Aux\u00edlio no estudo de desenvolvimento de novos tratamentos.<\/li>\n<\/ul>\n<\/li>\n\n\n\n<li><strong>Ci\u00eancia forense:<\/strong>\n<ul class=\"wp-block-list\">\n<li>Examinar e comparar corpos de prova (fragmentos de metal e balas, tinta, fios de cabelo, fibras);<\/li>\n\n\n\n<li>An\u00e1lise avan\u00e7ada na \u00e1rea de bal\u00edstica;<\/li>\n\n\n\n<li>Associa\u00e7\u00e3o de amostras com a cena do crime.<\/li>\n<\/ul>\n<\/li>\n\n\n\n<li><strong>Solos e amostras de solo:<\/strong>\n<ul class=\"wp-block-list\">\n<li>An\u00e1lise estrutural de amostras geol\u00f3gicas;<\/li>\n\n\n\n<li>Estudo de processos de intemperismo;<\/li>\n\n\n\n<li>Avalia\u00e7\u00e3o da composi\u00e7\u00e3o mineral.<\/li>\n<\/ul>\n<\/li>\n\n\n\n<li><strong>Pesquisa paleontol\u00f3gica e arqueol\u00f3gica:<\/strong>\n<ul class=\"wp-block-list\">\n<li>Analisar a microestrutura, composi\u00e7\u00e3o de materiais obtidos de s\u00edtios arqueol\u00f3gicos;<\/li>\n\n\n\n<li>Identifica\u00e7\u00e3o e taxonomia de micro e macrof\u00f3sseis;<\/li>\n\n\n\n<li>Estudo das causas de diferentes marcas nas superf\u00edcies \u00f3sseas.<\/li>\n<\/ul>\n<\/li>\n<\/ol>\n\n\n\n<p>DEDAVID, B.A.; GOMES, C.I.; MACHADO, G.&nbsp;Microscopia eletr\u00f4nica de varredura: aplica\u00e7\u00f5es e prepara\u00e7\u00e3o de amostras: materiais polim\u00e9ricos, met\u00e1licos e semicondutores. EdiPUCRS, 2007.<\/p>\n\n\n\n<p>Jeol: JSM-IT500HR InTouchScope\u2122 Scanning Electron Microscope. Dispon\u00edvel em &lt;<a href=\"https:\/\/www.jeol.co.jp\/en\/products\/detail\/JSM-IT500.html\">https:\/\/www.jeol.co.jp\/en\/products\/detail\/JSM-IT500.html<\/a>&gt;.&nbsp;Acesso em: 20 de jun. de 2018.<\/p>\n\n\n\n<div class=\"wp-block-stackable-spacer stk-block-spacer stk--no-padding stk-block stk-d165493\" data-block-id=\"d165493\"><style>.stk-d165493 {height:140px !important;}<\/style><\/div>\n","protected":false},"excerpt":{"rendered":"<p>Jeol JSM IT 500-HR (MEV) Microsc\u00f3pio Eletr\u00f4nico de Varredura (MEV) O Jeol JSM IT500-HR \u00e9 um microsc\u00f3pio eletr\u00f4nico de varredura (MEV) de alta resolu\u00e7\u00e3o, possui diversas caracter\u00edsticas que permitem a obten\u00e7\u00e3o de imagens de alta qualidade, como:&nbsp; &nbsp; &nbsp; &nbsp;\u200b Aplica\u00e7\u00f5es DEDAVID, B.A.; GOMES, C.I.; MACHADO, G.&nbsp;Microscopia eletr\u00f4nica de varredura: aplica\u00e7\u00f5es e prepara\u00e7\u00e3o de amostras: [&hellip;]<\/p>\n","protected":false},"author":1,"featured_media":0,"parent":0,"menu_order":0,"comment_status":"closed","ping_status":"closed","template":"","meta":{"om_disable_all_campaigns":false,"_monsterinsights_skip_tracking":false,"_monsterinsights_sitenote_active":false,"_monsterinsights_sitenote_note":"","_monsterinsights_sitenote_category":0,"footnotes":""},"class_list":["post-805","page","type-page","status-publish","hentry"],"blocksy_meta":{"page_title_panel":"","has_hero_section":"disabled","fe1c64ab89945cda534f4bb2d579ae1a":"","hero_section":"type-1","hero_elements":[{"id":"custom_title","enabled":true,"heading_tag":"h1","title":"Home"},{"id":"custom_description","enabled":true,"description_visibility":{"desktop":true,"tablet":true,"mobile":false}},{"id":"custom_meta","enabled":false,"meta_elements":[{"id":"author","enabled":true,"label":"By","has_author_avatar":"yes","avatar_size":25},{"id":"post_date","enabled":true,"label":"On","date_format_source":"default","date_format":"M j, Y"},{"id":"updated_date","enabled":false,"label":"On","date_format_source":"default","date_format":"M j, Y"},{"id":"categories","enabled":false,"label":"In","style":"simple"},{"id":"comments","enabled":true}],"page_meta_elements":{"joined":true,"articles_count":true,"comments":true}},{"id":"breadcrumbs","enabled":false}],"433b02732bec8d55ec282f00a9a700eb":"","hero_alignment1":"CT_CSS_SKIP_RULE","hero_margin":40,"hero_alignment2":"center","hero_vertical_alignment":"center","fdbb34d69d6afe2394c07d96c9ea0b60":"","hero_structure":"narrow","cb306aece5e91b9a44875e4a81075440":"","page_title_bg_type":"featured_image","custom_hero_background":{"attachment_id":null},"page_title_image_size":"full","parallax":{"desktop":false,"tablet":false,"mobile":false},"034bc954f3c533bc75ffdf62670c8395":"","hero_height":"250px","pageTitleFont":{"family":"Default","variation":"Default","size":"30px","line-height":"CT_CSS_SKIP_RULE","letter-spacing":"CT_CSS_SKIP_RULE","text-transform":"CT_CSS_SKIP_RULE","text-decoration":"CT_CSS_SKIP_RULE"},"pageTitleFontColor":{"default":{"color":"CT_CSS_SKIP_RULEDEFAULT"}},"pageMetaFont":{"family":"Default","variation":"n6","size":"12px","line-height":"1.3","letter-spacing":"CT_CSS_SKIP_RULE","text-transform":"uppercase","text-decoration":"CT_CSS_SKIP_RULE"},"pageMetaFontColor":{"default":{"color":"CT_CSS_SKIP_RULEDEFAULT"},"hover":{"color":"CT_CSS_SKIP_RULEDEFAULT"}},"page_meta_button_type_font_colors":{"default":{"color":"CT_CSS_SKIP_RULEDEFAULT"},"hover":{"color":"CT_CSS_SKIP_RULEDEFAULT"}},"page_meta_button_type_background_colors":{"default":{"color":"CT_CSS_SKIP_RULEDEFAULT"},"hover":{"color":"CT_CSS_SKIP_RULEDEFAULT"}},"pageExcerptFont":{"family":"Default","variation":"Default","size":"CT_CSS_SKIP_RULE","line-height":"CT_CSS_SKIP_RULE","letter-spacing":"CT_CSS_SKIP_RULE","text-transform":"CT_CSS_SKIP_RULE","text-decoration":"CT_CSS_SKIP_RULE"},"pageExcerptColor":{"default":{"color":"CT_CSS_SKIP_RULEDEFAULT"}},"breadcrumbsFont":{"family":"Default","variation":"Default","size":"CT_CSS_SKIP_RULE","line-height":"CT_CSS_SKIP_RULE","letter-spacing":"CT_CSS_SKIP_RULE","text-transform":"CT_CSS_SKIP_RULE","text-decoration":"CT_CSS_SKIP_RULE"},"breadcrumbsFontColor":{"default":{"color":"CT_CSS_SKIP_RULEDEFAULT"},"initial":{"color":"CT_CSS_SKIP_RULEDEFAULT"},"hover":{"color":"CT_CSS_SKIP_RULEDEFAULT"}},"pageTitleOverlay":{"background_type":"color","background_pattern":"type-1","background_image":{"attachment_id":null,"x":0,"y":0},"gradient":"linear-gradient(135deg,rgba(6,147,227,1) 0%,rgb(155,81,224) 100%)","background_repeat":"repeat","background_size":"auto","background_attachment":"scroll","patternColor":{"default":{"color":"#e5e7ea"}},"overlayColor":{"default":{"color":"CT_CSS_SKIP_RULE"}},"backgroundColor":{"default":{"color":"CT_CSS_SKIP_RULE"}}},"pageTitleBackground":{"background_type":"color","background_pattern":"type-1","background_image":{"attachment_id":null,"x":0,"y":0},"gradient":"linear-gradient(135deg,rgba(6,147,227,1) 0%,rgb(155,81,224) 100%)","background_repeat":"repeat","background_size":"auto","background_attachment":"scroll","patternColor":{"default":{"color":"#e5e7ea"}},"overlayColor":{"default":{"color":"CT_CSS_SKIP_RULE"}},"backgroundColor":{"default":{"color":"var(--theme-palette-color-6)"}}},"pageTitlePadding":{"top":"50px","bottom":"50px","left":"auto","right":"auto","linked":true},"12e455f30de1d15aed0effbbb6f951bf":"","page_structure_type":"default","f474d2f3ad69b4e64f52dac0a3aa2bb2":"","content_style_source":"inherit","content_style":"wide","vertical_spacing_source":"custom","content_area_spacing":"none","background":{"background_type":"color","background_pattern":"type-1","background_image":{"attachment_id":null,"x":0,"y":0},"gradient":"linear-gradient(135deg,rgba(6,147,227,1) 0%,rgb(155,81,224) 100%)","background_repeat":"repeat","background_size":"auto","background_attachment":"scroll","patternColor":{"default":{"color":"#e5e7ea"}},"overlayColor":{"default":{"color":"CT_CSS_SKIP_RULE"}},"backgroundColor":{"default":{"color":"CT_CSS_SKIP_RULE"}}},"content_background":{"background_type":"color","background_pattern":"type-1","background_image":{"attachment_id":null,"x":0,"y":0},"gradient":"linear-gradient(135deg,rgba(6,147,227,1) 0%,rgb(155,81,224) 100%)","background_repeat":"repeat","background_size":"auto","background_attachment":"scroll","patternColor":{"default":{"color":"#e5e7ea"}},"overlayColor":{"default":{"color":"CT_CSS_SKIP_RULE"}},"backgroundColor":{"default":{"color":"var(--theme-palette-color-8)"}}},"content_boxed_shadow":{"inherit":false,"blur":18,"spread":-6,"v_offset":12,"h_offset":0,"inset":false,"enable":true,"color":{"color":"rgba(34, 56, 101, 0.04)"}},"content_boxed_border":{"width":1,"style":"none","color":{"color":"rgba(44,62,80,0.2)"}},"content_boxed_radius":{"top":"3px","bottom":"3px","left":"3px","right":"3px","linked":true},"boxed_content_spacing":{"desktop":{"top":"40px","bottom":"40px","left":"40px","right":"40px","linked":true},"tablet":{"top":"35px","bottom":"35px","left":"35px","right":"35px","linked":true},"mobile":{"top":"20px","bottom":"20px","left":"20px","right":"20px","linked":true}},"fca9f1d1c7aa58a4b21dd78357f6373e":"","disable_featured_image":"no","disable_share_box":"no","disable_header":"no","disable_footer":"no","styles_descriptor":{"styles":{"desktop":"","tablet":"","mobile":""},"google_fonts":[],"version":6}},"aioseo_notices":[],"_links":{"self":[{"href":"http:\/\/cmabio.uea.edu.br\/index.php\/wp-json\/wp\/v2\/pages\/805","targetHints":{"allow":["GET"]}}],"collection":[{"href":"http:\/\/cmabio.uea.edu.br\/index.php\/wp-json\/wp\/v2\/pages"}],"about":[{"href":"http:\/\/cmabio.uea.edu.br\/index.php\/wp-json\/wp\/v2\/types\/page"}],"author":[{"embeddable":true,"href":"http:\/\/cmabio.uea.edu.br\/index.php\/wp-json\/wp\/v2\/users\/1"}],"replies":[{"embeddable":true,"href":"http:\/\/cmabio.uea.edu.br\/index.php\/wp-json\/wp\/v2\/comments?post=805"}],"version-history":[{"count":11,"href":"http:\/\/cmabio.uea.edu.br\/index.php\/wp-json\/wp\/v2\/pages\/805\/revisions"}],"predecessor-version":[{"id":1807,"href":"http:\/\/cmabio.uea.edu.br\/index.php\/wp-json\/wp\/v2\/pages\/805\/revisions\/1807"}],"wp:attachment":[{"href":"http:\/\/cmabio.uea.edu.br\/index.php\/wp-json\/wp\/v2\/media?parent=805"}],"curies":[{"name":"wp","href":"https:\/\/api.w.org\/{rel}","templated":true}]}}