{"id":796,"date":"2025-08-27T09:57:30","date_gmt":"2025-08-27T12:57:30","guid":{"rendered":"http:\/\/172.16.1.60\/?page_id=796"},"modified":"2025-12-04T14:06:35","modified_gmt":"2025-12-04T18:06:35","slug":"laboratorio-de-cultura-celular","status":"publish","type":"page","link":"http:\/\/cmabio.uea.edu.br\/index.php\/laboratorio-de-cultura-celular\/","title":{"rendered":"Laborat\u00f3rio de Cultura Celular"},"content":{"rendered":"\n<div class=\"wp-block-stackable-columns alignfull stk-block-columns stk-block stk-51b2b12 stk-block-background stk--has-background-overlay\" data-block-id=\"51b2b12\"><style>.stk-51b2b12 .stk--block-align-51b2b12{align-items:center !important;}.stk-51b2b12 {background-color:#000000 !important;background-image:url(http:\/\/cmabio.uea.edu.br\/wp-content\/uploads\/2025\/11\/blog10.jpg) !important;background-position:bottom center !important;background-repeat:no-repeat !important;background-size:cover !important;padding-top:300px !important;padding-bottom:200px !important;margin-bottom:0px !important;}.stk-51b2b12:before{background-color:#000000 !important;opacity:0.6 !important;}.stk-51b2b12-column{--stk-column-gap:35px !important;row-gap:35px !important;}@media screen and (max-width:999px){.stk-51b2b12 {padding-top:250px !important;padding-bottom:150px !important;}}@media screen and (max-width:689px){.stk-51b2b12 {padding-top:150px !important;padding-bottom:100px !important;}}<\/style><div class=\"stk-row stk-inner-blocks stk--block-align-51b2b12 stk-block-content stk-content-align stk-51b2b12-column alignfull\">\n<div class=\"wp-block-stackable-column stk-block-column stk-column stk-block stk-0e2597c\" data-v=\"4\" data-block-id=\"0e2597c\"><style>.stk-0e2597c-container{margin-top:0px !important;margin-right:0px !important;margin-bottom:0px !important;margin-left:0px !important;}<\/style><div class=\"stk-column-wrapper stk-block-column__content stk-container stk-0e2597c-container stk--no-background stk--no-padding\"><div class=\"stk-block-content stk-inner-blocks stk-0e2597c-inner-blocks\">\n<div class=\"wp-block-stackable-heading stk-block-heading stk-block-heading--v2 stk-block stk-45aa733\" id=\"laboratorio-de-cultura-celular\" data-block-id=\"45aa733\"><style>.stk-45aa733 .stk-block-heading__text{color:var(--theme-palette-color-6, #F3F5F9) !important;}<\/style><h2 class=\"stk-block-heading__text has-text-color has-text-align-center\">Laborat\u00f3rio de Cultura Celular<\/h2><\/div>\n<\/div><\/div><\/div>\n<\/div><\/div>\n\n\n\n<div class=\"wp-block-stackable-spacer stk-block-spacer stk--no-padding stk-block stk-ed78264\" data-block-id=\"ed78264\"><style>.stk-ed78264 {height:140px !important;}<\/style><\/div>\n\n\n\n<div class=\"wp-block-stackable-text stk-block-text stk-block stk-8953cdf\" data-block-id=\"8953cdf\"><p class=\"stk-block-text__text\">Laborat\u00f3rio inaugurado com recurso da Universidade do Estado do Amazonas (UEA) e Instituto Nacional de Ci\u00eancia e Tecnologia de Biologia Estrutural e Bioimagem (INCT).<\/p><\/div>\n\n\n\n<div class=\"wp-block-stackable-text stk-block-text stk-block stk-489ef43\" data-block-id=\"489ef43\"><p class=\"stk-block-text__text\">O laborat\u00f3rio conta com uma estrutura primordial para realiza\u00e7\u00e3o de estudos de cultura celular, fundamental para o aprimoramento das pesquisas no CMABio-UEA e por consequ\u00eancia, do Amazonas.<\/p><\/div>\n\n\n\n<div class=\"wp-block-stackable-text stk-block-text stk-block stk-5be97bb\" data-block-id=\"5be97bb\"><p class=\"stk-block-text__text\">Conta com os seguintes equipamentos para o cultivo de c\u00e9lulas:<\/p><\/div>\n\n\n\n<ol class=\"wp-block-list\">\n<li>Incubadora de CO<sub>2<\/sub>;<\/li>\n\n\n\n<li>Incubadora refrigerada B.O.D. (02 unidades);<\/li>\n\n\n\n<li>Cabine de Fluxo Laminar;<\/li>\n\n\n\n<li>Equipamentos de pequeno porte para processamento de amostras, como balan\u00e7as anal\u00edtica, vortex, centr\u00edfuga, estufa de secagem e autoclave.<\/li>\n<\/ol>\n\n\n\n<p><\/p>\n\n\n\n<figure class=\"wp-block-gallery has-nested-images columns-default is-cropped wp-block-gallery-1 is-layout-flex wp-block-gallery-is-layout-flex\">\n<figure class=\"wp-block-image size-large\"><img loading=\"lazy\" decoding=\"async\" width=\"1024\" height=\"768\" data-id=\"1202\" src=\"http:\/\/172.16.1.60\/wp-content\/uploads\/2025\/09\/IMG_20230823_094950-1024x768.jpg\" alt=\"\" class=\"wp-image-1202\" srcset=\"http:\/\/cmabio.uea.edu.br\/wp-content\/uploads\/2025\/09\/IMG_20230823_094950-1024x768.jpg 1024w, http:\/\/cmabio.uea.edu.br\/wp-content\/uploads\/2025\/09\/IMG_20230823_094950-300x225.jpg 300w, http:\/\/cmabio.uea.edu.br\/wp-content\/uploads\/2025\/09\/IMG_20230823_094950-768x576.jpg 768w, http:\/\/cmabio.uea.edu.br\/wp-content\/uploads\/2025\/09\/IMG_20230823_094950-1536x1152.jpg 1536w, http:\/\/cmabio.uea.edu.br\/wp-content\/uploads\/2025\/09\/IMG_20230823_094950-2048x1536.jpg 2048w\" sizes=\"auto, (max-width: 1024px) 100vw, 1024px\" \/><\/figure>\n\n\n\n<figure class=\"wp-block-image size-large\"><img loading=\"lazy\" decoding=\"async\" width=\"1024\" height=\"768\" data-id=\"1204\" src=\"http:\/\/172.16.1.60\/wp-content\/uploads\/2025\/09\/IMG_20230823_095005-1024x768.jpg\" alt=\"\" class=\"wp-image-1204\" srcset=\"http:\/\/cmabio.uea.edu.br\/wp-content\/uploads\/2025\/09\/IMG_20230823_095005-1024x768.jpg 1024w, http:\/\/cmabio.uea.edu.br\/wp-content\/uploads\/2025\/09\/IMG_20230823_095005-300x225.jpg 300w, http:\/\/cmabio.uea.edu.br\/wp-content\/uploads\/2025\/09\/IMG_20230823_095005-768x576.jpg 768w, http:\/\/cmabio.uea.edu.br\/wp-content\/uploads\/2025\/09\/IMG_20230823_095005-1536x1152.jpg 1536w, http:\/\/cmabio.uea.edu.br\/wp-content\/uploads\/2025\/09\/IMG_20230823_095005-2048x1536.jpg 2048w\" sizes=\"auto, (max-width: 1024px) 100vw, 1024px\" \/><\/figure>\n\n\n\n<figure class=\"wp-block-image size-large\"><img loading=\"lazy\" decoding=\"async\" width=\"1024\" height=\"766\" data-id=\"1206\" src=\"http:\/\/172.16.1.60\/wp-content\/uploads\/2025\/09\/IMG_20230823_095029-1024x766.jpg\" alt=\"\" class=\"wp-image-1206\" srcset=\"http:\/\/cmabio.uea.edu.br\/wp-content\/uploads\/2025\/09\/IMG_20230823_095029-1024x766.jpg 1024w, http:\/\/cmabio.uea.edu.br\/wp-content\/uploads\/2025\/09\/IMG_20230823_095029-300x224.jpg 300w, http:\/\/cmabio.uea.edu.br\/wp-content\/uploads\/2025\/09\/IMG_20230823_095029-768x574.jpg 768w, http:\/\/cmabio.uea.edu.br\/wp-content\/uploads\/2025\/09\/IMG_20230823_095029-1536x1149.jpg 1536w, http:\/\/cmabio.uea.edu.br\/wp-content\/uploads\/2025\/09\/IMG_20230823_095029-2048x1532.jpg 2048w\" sizes=\"auto, (max-width: 1024px) 100vw, 1024px\" \/><\/figure>\n\n\n\n<figure class=\"wp-block-image size-large\"><img loading=\"lazy\" decoding=\"async\" width=\"766\" height=\"1024\" data-id=\"1205\" src=\"http:\/\/172.16.1.60\/wp-content\/uploads\/2025\/09\/IMG_20230823_095039-766x1024.jpg\" alt=\"\" class=\"wp-image-1205\" srcset=\"http:\/\/cmabio.uea.edu.br\/wp-content\/uploads\/2025\/09\/IMG_20230823_095039-766x1024.jpg 766w, http:\/\/cmabio.uea.edu.br\/wp-content\/uploads\/2025\/09\/IMG_20230823_095039-224x300.jpg 224w, http:\/\/cmabio.uea.edu.br\/wp-content\/uploads\/2025\/09\/IMG_20230823_095039-768x1027.jpg 768w, http:\/\/cmabio.uea.edu.br\/wp-content\/uploads\/2025\/09\/IMG_20230823_095039-1149x1536.jpg 1149w, http:\/\/cmabio.uea.edu.br\/wp-content\/uploads\/2025\/09\/IMG_20230823_095039-1532x2048.jpg 1532w, http:\/\/cmabio.uea.edu.br\/wp-content\/uploads\/2025\/09\/IMG_20230823_095039-scaled.jpg 1915w\" sizes=\"auto, (max-width: 766px) 100vw, 766px\" \/><\/figure>\n\n\n\n<figure class=\"wp-block-image size-large\"><img loading=\"lazy\" decoding=\"async\" width=\"1024\" height=\"766\" data-id=\"1203\" src=\"http:\/\/172.16.1.60\/wp-content\/uploads\/2025\/09\/IMG_20230823_095048-1024x766.jpg\" alt=\"\" class=\"wp-image-1203\" srcset=\"http:\/\/cmabio.uea.edu.br\/wp-content\/uploads\/2025\/09\/IMG_20230823_095048-1024x766.jpg 1024w, http:\/\/cmabio.uea.edu.br\/wp-content\/uploads\/2025\/09\/IMG_20230823_095048-300x224.jpg 300w, http:\/\/cmabio.uea.edu.br\/wp-content\/uploads\/2025\/09\/IMG_20230823_095048-768x574.jpg 768w, http:\/\/cmabio.uea.edu.br\/wp-content\/uploads\/2025\/09\/IMG_20230823_095048-1536x1149.jpg 1536w, http:\/\/cmabio.uea.edu.br\/wp-content\/uploads\/2025\/09\/IMG_20230823_095048-2048x1532.jpg 2048w\" sizes=\"auto, (max-width: 1024px) 100vw, 1024px\" \/><\/figure>\n<\/figure>\n\n\n\n<div class=\"wp-block-stackable-spacer stk-block-spacer stk--no-padding stk-block stk-7b4c822\" data-block-id=\"7b4c822\"><style>.stk-7b4c822 {height:140px !important;}<\/style><\/div>\n","protected":false},"excerpt":{"rendered":"<p>Laborat\u00f3rio de Cultura Celular Laborat\u00f3rio inaugurado com recurso da Universidade do Estado do Amazonas (UEA) e Instituto Nacional de Ci\u00eancia e Tecnologia de Biologia Estrutural e Bioimagem (INCT). O laborat\u00f3rio conta com uma estrutura primordial para realiza\u00e7\u00e3o de estudos de cultura celular, fundamental para o aprimoramento das pesquisas no CMABio-UEA e por consequ\u00eancia, do Amazonas. [&hellip;]<\/p>\n","protected":false},"author":1,"featured_media":0,"parent":0,"menu_order":0,"comment_status":"closed","ping_status":"closed","template":"","meta":{"om_disable_all_campaigns":false,"_monsterinsights_skip_tracking":false,"_monsterinsights_sitenote_active":false,"_monsterinsights_sitenote_note":"","_monsterinsights_sitenote_category":0,"footnotes":""},"class_list":["post-796","page","type-page","status-publish","hentry"],"blocksy_meta":{"page_title_panel":"","has_hero_section":"disabled","fe1c64ab89945cda534f4bb2d579ae1a":"","hero_section":"type-1","hero_elements":[{"id":"custom_title","enabled":true,"heading_tag":"h1","title":"Home"},{"id":"custom_description","enabled":true,"description_visibility":{"desktop":true,"tablet":true,"mobile":false}},{"id":"custom_meta","enabled":false,"meta_elements":[{"id":"author","enabled":true,"label":"By","has_author_avatar":"yes","avatar_size":25},{"id":"post_date","enabled":true,"label":"On","date_format_source":"default","date_format":"M j, Y"},{"id":"updated_date","enabled":false,"label":"On","date_format_source":"default","date_format":"M j, Y"},{"id":"categories","enabled":false,"label":"In","style":"simple"},{"id":"comments","enabled":true}],"page_meta_elements":{"joined":true,"articles_count":true,"comments":true}},{"id":"breadcrumbs","enabled":false}],"433b02732bec8d55ec282f00a9a700eb":"","hero_alignment1":"CT_CSS_SKIP_RULE","hero_margin":40,"hero_alignment2":"center","hero_vertical_alignment":"center","fdbb34d69d6afe2394c07d96c9ea0b60":"","hero_structure":"narrow","cb306aece5e91b9a44875e4a81075440":"","page_title_bg_type":"featured_image","custom_hero_background":{"attachment_id":null},"page_title_image_size":"full","parallax":{"desktop":false,"tablet":false,"mobile":false},"034bc954f3c533bc75ffdf62670c8395":"","hero_height":"250px","pageTitleFont":{"family":"Default","variation":"Default","size":"30px","line-height":"CT_CSS_SKIP_RULE","letter-spacing":"CT_CSS_SKIP_RULE","text-transform":"CT_CSS_SKIP_RULE","text-decoration":"CT_CSS_SKIP_RULE"},"pageTitleFontColor":{"default":{"color":"CT_CSS_SKIP_RULEDEFAULT"}},"pageMetaFont":{"family":"Default","variation":"n6","size":"12px","line-height":"1.3","letter-spacing":"CT_CSS_SKIP_RULE","text-transform":"uppercase","text-decoration":"CT_CSS_SKIP_RULE"},"pageMetaFontColor":{"default":{"color":"CT_CSS_SKIP_RULEDEFAULT"},"hover":{"color":"CT_CSS_SKIP_RULEDEFAULT"}},"page_meta_button_type_font_colors":{"default":{"color":"CT_CSS_SKIP_RULEDEFAULT"},"hover":{"color":"CT_CSS_SKIP_RULEDEFAULT"}},"page_meta_button_type_background_colors":{"default":{"color":"CT_CSS_SKIP_RULEDEFAULT"},"hover":{"color":"CT_CSS_SKIP_RULEDEFAULT"}},"pageExcerptFont":{"family":"Default","variation":"Default","size":"CT_CSS_SKIP_RULE","line-height":"CT_CSS_SKIP_RULE","letter-spacing":"CT_CSS_SKIP_RULE","text-transform":"CT_CSS_SKIP_RULE","text-decoration":"CT_CSS_SKIP_RULE"},"pageExcerptColor":{"default":{"color":"CT_CSS_SKIP_RULEDEFAULT"}},"breadcrumbsFont":{"family":"Default","variation":"Default","size":"CT_CSS_SKIP_RULE","line-height":"CT_CSS_SKIP_RULE","letter-spacing":"CT_CSS_SKIP_RULE","text-transform":"CT_CSS_SKIP_RULE","text-decoration":"CT_CSS_SKIP_RULE"},"breadcrumbsFontColor":{"default":{"color":"CT_CSS_SKIP_RULEDEFAULT"},"initial":{"color":"CT_CSS_SKIP_RULEDEFAULT"},"hover":{"color":"CT_CSS_SKIP_RULEDEFAULT"}},"pageTitleOverlay":{"background_type":"color","background_pattern":"type-1","background_image":{"attachment_id":null,"x":0,"y":0},"gradient":"linear-gradient(135deg,rgba(6,147,227,1) 0%,rgb(155,81,224) 100%)","background_repeat":"repeat","background_size":"auto","background_attachment":"scroll","patternColor":{"default":{"color":"#e5e7ea"}},"overlayColor":{"default":{"color":"CT_CSS_SKIP_RULE"}},"backgroundColor":{"default":{"color":"CT_CSS_SKIP_RULE"}}},"pageTitleBackground":{"background_type":"color","background_pattern":"type-1","background_image":{"attachment_id":null,"x":0,"y":0},"gradient":"linear-gradient(135deg,rgba(6,147,227,1) 0%,rgb(155,81,224) 100%)","background_repeat":"repeat","background_size":"auto","background_attachment":"scroll","patternColor":{"default":{"color":"#e5e7ea"}},"overlayColor":{"default":{"color":"CT_CSS_SKIP_RULE"}},"backgroundColor":{"default":{"color":"var(--theme-palette-color-6)"}}},"pageTitlePadding":{"top":"50px","bottom":"50px","left":"auto","right":"auto","linked":true},"12e455f30de1d15aed0effbbb6f951bf":"","page_structure_type":"default","f474d2f3ad69b4e64f52dac0a3aa2bb2":"","content_style_source":"inherit","content_style":"wide","vertical_spacing_source":"custom","content_area_spacing":"none","background":{"background_type":"color","background_pattern":"type-1","background_image":{"attachment_id":null,"x":0,"y":0},"gradient":"linear-gradient(135deg,rgba(6,147,227,1) 0%,rgb(155,81,224) 100%)","background_repeat":"repeat","background_size":"auto","background_attachment":"scroll","patternColor":{"default":{"color":"#e5e7ea"}},"overlayColor":{"default":{"color":"CT_CSS_SKIP_RULE"}},"backgroundColor":{"default":{"color":"CT_CSS_SKIP_RULE"}}},"content_background":{"background_type":"color","background_pattern":"type-1","background_image":{"attachment_id":null,"x":0,"y":0},"gradient":"linear-gradient(135deg,rgba(6,147,227,1) 0%,rgb(155,81,224) 100%)","background_repeat":"repeat","background_size":"auto","background_attachment":"scroll","patternColor":{"default":{"color":"#e5e7ea"}},"overlayColor":{"default":{"color":"CT_CSS_SKIP_RULE"}},"backgroundColor":{"default":{"color":"var(--theme-palette-color-8)"}}},"content_boxed_shadow":{"inherit":false,"blur":18,"spread":-6,"v_offset":12,"h_offset":0,"inset":false,"enable":true,"color":{"color":"rgba(34, 56, 101, 0.04)"}},"content_boxed_border":{"width":1,"style":"none","color":{"color":"rgba(44,62,80,0.2)"}},"content_boxed_radius":{"top":"3px","bottom":"3px","left":"3px","right":"3px","linked":true},"boxed_content_spacing":{"desktop":{"top":"40px","bottom":"40px","left":"40px","right":"40px","linked":true},"tablet":{"top":"35px","bottom":"35px","left":"35px","right":"35px","linked":true},"mobile":{"top":"20px","bottom":"20px","left":"20px","right":"20px","linked":true}},"fca9f1d1c7aa58a4b21dd78357f6373e":"","disable_featured_image":"no","disable_share_box":"no","disable_header":"no","disable_footer":"no","styles_descriptor":{"styles":{"desktop":"","tablet":"","mobile":""},"google_fonts":[],"version":6}},"aioseo_notices":[],"_links":{"self":[{"href":"http:\/\/cmabio.uea.edu.br\/index.php\/wp-json\/wp\/v2\/pages\/796","targetHints":{"allow":["GET"]}}],"collection":[{"href":"http:\/\/cmabio.uea.edu.br\/index.php\/wp-json\/wp\/v2\/pages"}],"about":[{"href":"http:\/\/cmabio.uea.edu.br\/index.php\/wp-json\/wp\/v2\/types\/page"}],"author":[{"embeddable":true,"href":"http:\/\/cmabio.uea.edu.br\/index.php\/wp-json\/wp\/v2\/users\/1"}],"replies":[{"embeddable":true,"href":"http:\/\/cmabio.uea.edu.br\/index.php\/wp-json\/wp\/v2\/comments?post=796"}],"version-history":[{"count":13,"href":"http:\/\/cmabio.uea.edu.br\/index.php\/wp-json\/wp\/v2\/pages\/796\/revisions"}],"predecessor-version":[{"id":1809,"href":"http:\/\/cmabio.uea.edu.br\/index.php\/wp-json\/wp\/v2\/pages\/796\/revisions\/1809"}],"wp:attachment":[{"href":"http:\/\/cmabio.uea.edu.br\/index.php\/wp-json\/wp\/v2\/media?parent=796"}],"curies":[{"name":"wp","href":"https:\/\/api.w.org\/{rel}","templated":true}]}}