{"id":790,"date":"2025-08-26T15:40:06","date_gmt":"2025-08-26T18:40:06","guid":{"rendered":"http:\/\/172.16.1.60\/?page_id=790"},"modified":"2025-12-04T14:14:04","modified_gmt":"2025-12-04T18:14:04","slug":"vanquish-neo-uhplc","status":"publish","type":"page","link":"http:\/\/cmabio.uea.edu.br\/index.php\/vanquish-neo-uhplc\/","title":{"rendered":"Vanquish\u2122 Neo UHPLC System"},"content":{"rendered":"\n<div class=\"wp-block-stackable-columns alignfull stk-block-columns stk-block stk-51b2b12 stk-block-background stk--has-background-overlay\" data-block-id=\"51b2b12\"><style>.stk-51b2b12 .stk--block-align-51b2b12{align-items:center !important;}.stk-51b2b12 {background-color:#000000 !important;background-image:url(http:\/\/cmabio.uea.edu.br\/wp-content\/uploads\/2025\/11\/blog10.jpg) !important;background-position:bottom center !important;background-repeat:no-repeat !important;background-size:cover !important;padding-top:300px !important;padding-bottom:200px !important;margin-bottom:0px !important;}.stk-51b2b12:before{background-color:#000000 !important;opacity:0.6 !important;}.stk-51b2b12-column{--stk-column-gap:35px !important;row-gap:35px !important;}@media screen and (max-width:999px){.stk-51b2b12 {padding-top:250px !important;padding-bottom:150px !important;}}@media screen and (max-width:689px){.stk-51b2b12 {padding-top:150px !important;padding-bottom:100px !important;}}<\/style><div class=\"stk-row stk-inner-blocks stk--block-align-51b2b12 stk-block-content stk-content-align stk-51b2b12-column alignfull\">\n<div class=\"wp-block-stackable-column stk-block-column stk-column stk-block stk-0e2597c\" data-v=\"4\" data-block-id=\"0e2597c\"><style>.stk-0e2597c-container{margin-top:0px !important;margin-right:0px !important;margin-bottom:0px !important;margin-left:0px !important;}<\/style><div class=\"stk-column-wrapper stk-block-column__content stk-container stk-0e2597c-container stk--no-background stk--no-padding\"><div class=\"stk-block-content stk-inner-blocks stk-0e2597c-inner-blocks\">\n<div class=\"wp-block-stackable-heading stk-block-heading stk-block-heading--v2 stk-block stk-45aa733\" id=\"vanquish\u2122-neo-uhplc-system\" data-block-id=\"45aa733\"><style>.stk-45aa733 .stk-block-heading__text{color:var(--theme-palette-color-6, #F3F5F9) !important;}<\/style><h2 class=\"stk-block-heading__text has-text-color has-text-align-center\">Vanquish\u2122 Neo UHPLC System<\/h2><\/div>\n<\/div><\/div><\/div>\n<\/div><\/div>\n\n\n\n<div class=\"wp-block-stackable-spacer stk-block-spacer stk--no-padding stk-block stk-c1a2574\" data-block-id=\"c1a2574\"><style>.stk-c1a2574 {height:140px !important;}<\/style><\/div>\n\n\n\n<figure class=\"wp-block-image aligncenter size-full is-resized\"><img loading=\"lazy\" decoding=\"async\" width=\"768\" height=\"1024\" src=\"http:\/\/172.16.1.60\/wp-content\/uploads\/2025\/09\/neo-768x1024-1.jpeg\" alt=\"\" class=\"wp-image-1199\" style=\"width:500px\" srcset=\"http:\/\/cmabio.uea.edu.br\/wp-content\/uploads\/2025\/09\/neo-768x1024-1.jpeg 768w, http:\/\/cmabio.uea.edu.br\/wp-content\/uploads\/2025\/09\/neo-768x1024-1-225x300.jpeg 225w\" sizes=\"auto, (max-width: 768px) 100vw, 768px\" \/><\/figure>\n\n\n\n<div class=\"wp-block-stackable-spacer stk-block-spacer stk--no-padding stk-block stk-1ded2be\" data-block-id=\"1ded2be\"><style>.stk-1ded2be {height:60px !important;}<\/style><\/div>\n\n\n\n<p>Sistema de&nbsp;<strong>cromatografia l\u00edquida de ultra efici\u00eancia (UHPLC)<\/strong>&nbsp;<strong>de baixo fluxo<\/strong>&nbsp;acoplado ao&nbsp;<a href=\"https:\/\/cmabio.uea.edu.br\/orbitrap-exploris-240-ms\/\">Espectr\u00f4metro de Massas Orbitrap Exploris\u2122 240 MS.<\/a><\/p>\n\n\n\n<ul class=\"wp-block-list\">\n<li>Possui bomba bin\u00e1ria com vaz\u00e3o de cem nanolitros at\u00e9 100 microlitros por minuto (nano, capillary e micro flow) a press\u00f5es de at\u00e9 1500 bar;<\/li>\n\n\n\n<li>Amostrador autom\u00e1tico para vials de vidro de 1,5 mL (at\u00e9 216 amostras) com volumes de inje\u00e7\u00e3o de 10 nanolitros at\u00e9 100 microlitros.&nbsp;<\/li>\n\n\n\n<li>Faixa de temperatura da coluna 5 \u00b0C acima da temperatura ambiente a 80 \u00b0C (dependendo da configura\u00e7\u00e3o).<\/li>\n<\/ul>\n\n\n\n<div class=\"wp-block-stackable-subtitle stk-block-subtitle stk-block stk-c740981\" data-block-id=\"c740981\"><style>.stk-c740981 .stk-block-subtitle__text{font-size:20px !important;font-weight:800 !important;font-family:system-ui, sans-serif !important;}@media screen and (max-width:999px){.stk-c740981 .stk-block-subtitle__text{font-size:20px !important;}}<\/style><p class=\"stk-block-subtitle__text stk-subtitle\">Cromatografia l\u00edquida de baixo fluxo<\/p><\/div>\n\n\n\n<p>A cromatografia l\u00edquida de baixo fluxo abrange faixas de fluxo nano, micro e capilar que variam de baixo nL\/min a cerca de 50 \u03bcL\/min. Essa t\u00e9cnica aumenta a sensibilidade devido \u00e0 diminui\u00e7\u00e3o associada no di\u00e2metro interno da coluna, levando a uma menor dilui\u00e7\u00e3o das bandas do analito.<\/p>\n\n\n\n<p>Ideal para medi\u00e7\u00f5es de alta sensibilidade de mol\u00e9culas em matrizes biol\u00f3gicas complexas, onde as concentra\u00e7\u00f5es de analitos podem abranger v\u00e1rias ordens de magnitude.<\/p>\n\n\n\n<div class=\"wp-block-stackable-subtitle stk-block-subtitle stk-block stk-12a2fa8\" data-block-id=\"12a2fa8\"><style>.stk-12a2fa8 .stk-block-subtitle__text{font-size:20px !important;font-weight:800 !important;font-family:system-ui, sans-serif !important;}@media screen and (max-width:999px){.stk-12a2fa8 .stk-block-subtitle__text{font-size:20px !important;}}<\/style><p class=\"stk-block-subtitle__text stk-subtitle\">Cromatografia l\u00edquida de ultra efici\u00eancia (UHPLC)<\/p><\/div>\n\n\n\n<p>Usa press\u00f5es acima de 1000 bar e vaz\u00f5es de 0,2 a 0,7 mL\/min. Faixas de press\u00e3o mais altas oferecem melhor resolu\u00e7\u00e3o e sensibilidade, maior rendimento e menos uso de solvente do que os sistemas de HPLC padr\u00e3o.<\/p>\n\n\n\n<p>Comumente aplicada em pesquisas farmac\u00eauticas e biofarmac\u00eauticas para o desenvolvimento e caracteriza\u00e7\u00e3o de medicamentos de pequenas mol\u00e9culas, pept\u00eddeos e anticorpos.<\/p>\n\n\n\n<p>Refer\u00eancia:<\/p>\n\n\n\n<div class=\"wp-block-stackable-button-group stk-block-button-group stk-block stk-822a338\" data-block-id=\"822a338\"><div class=\"stk-row stk-inner-blocks stk-block-content stk-button-group\">\n<div class=\"wp-block-stackable-button stk-block-button stk-block stk-730c7b5\" data-block-id=\"730c7b5\"><a class=\"stk-link stk-button stk--hover-effect-darken\" href=\"https:\/\/www.thermofisher.com\/\" target=\"_blank\" rel=\"noreferrer noopener\"><span class=\"stk-button__inner-text\">Thermo Fisher<\/span><\/a><\/div>\n<\/div><\/div>\n\n\n\n<div class=\"wp-block-stackable-spacer stk-block-spacer stk--no-padding stk-block stk-8c20b89\" data-block-id=\"8c20b89\"><style>.stk-8c20b89 {height:140px !important;}<\/style><\/div>\n","protected":false},"excerpt":{"rendered":"<p>Vanquish\u2122 Neo UHPLC System Sistema de&nbsp;cromatografia l\u00edquida de ultra efici\u00eancia (UHPLC)&nbsp;de baixo fluxo&nbsp;acoplado ao&nbsp;Espectr\u00f4metro de Massas Orbitrap Exploris\u2122 240 MS. Cromatografia l\u00edquida de baixo fluxo A cromatografia l\u00edquida de baixo fluxo abrange faixas de fluxo nano, micro e capilar que variam de baixo nL\/min a cerca de 50 \u03bcL\/min. Essa t\u00e9cnica aumenta a sensibilidade devido [&hellip;]<\/p>\n","protected":false},"author":1,"featured_media":0,"parent":0,"menu_order":0,"comment_status":"closed","ping_status":"closed","template":"","meta":{"om_disable_all_campaigns":false,"_monsterinsights_skip_tracking":false,"_monsterinsights_sitenote_active":false,"_monsterinsights_sitenote_note":"","_monsterinsights_sitenote_category":0,"footnotes":""},"class_list":["post-790","page","type-page","status-publish","hentry"],"blocksy_meta":{"page_title_panel":"","has_hero_section":"disabled","fe1c64ab89945cda534f4bb2d579ae1a":"","hero_section":"type-1","hero_elements":[{"id":"custom_title","enabled":true,"heading_tag":"h1","title":"Home"},{"id":"custom_description","enabled":true,"description_visibility":{"desktop":true,"tablet":true,"mobile":false}},{"id":"custom_meta","enabled":false,"meta_elements":[{"id":"author","enabled":true,"label":"By","has_author_avatar":"yes","avatar_size":25},{"id":"post_date","enabled":true,"label":"On","date_format_source":"default","date_format":"M j, Y"},{"id":"updated_date","enabled":false,"label":"On","date_format_source":"default","date_format":"M j, Y"},{"id":"categories","enabled":false,"label":"In","style":"simple"},{"id":"comments","enabled":true}],"page_meta_elements":{"joined":true,"articles_count":true,"comments":true}},{"id":"breadcrumbs","enabled":false}],"433b02732bec8d55ec282f00a9a700eb":"","hero_alignment1":"CT_CSS_SKIP_RULE","hero_margin":40,"hero_alignment2":"center","hero_vertical_alignment":"center","fdbb34d69d6afe2394c07d96c9ea0b60":"","hero_structure":"narrow","cb306aece5e91b9a44875e4a81075440":"","page_title_bg_type":"featured_image","custom_hero_background":{"attachment_id":null},"page_title_image_size":"full","parallax":{"desktop":false,"tablet":false,"mobile":false},"034bc954f3c533bc75ffdf62670c8395":"","hero_height":"250px","pageTitleFont":{"family":"Default","variation":"Default","size":"30px","line-height":"CT_CSS_SKIP_RULE","letter-spacing":"CT_CSS_SKIP_RULE","text-transform":"CT_CSS_SKIP_RULE","text-decoration":"CT_CSS_SKIP_RULE"},"pageTitleFontColor":{"default":{"color":"CT_CSS_SKIP_RULEDEFAULT"}},"pageMetaFont":{"family":"Default","variation":"n6","size":"12px","line-height":"1.3","letter-spacing":"CT_CSS_SKIP_RULE","text-transform":"uppercase","text-decoration":"CT_CSS_SKIP_RULE"},"pageMetaFontColor":{"default":{"color":"CT_CSS_SKIP_RULEDEFAULT"},"hover":{"color":"CT_CSS_SKIP_RULEDEFAULT"}},"page_meta_button_type_font_colors":{"default":{"color":"CT_CSS_SKIP_RULEDEFAULT"},"hover":{"color":"CT_CSS_SKIP_RULEDEFAULT"}},"page_meta_button_type_background_colors":{"default":{"color":"CT_CSS_SKIP_RULEDEFAULT"},"hover":{"color":"CT_CSS_SKIP_RULEDEFAULT"}},"pageExcerptFont":{"family":"Default","variation":"Default","size":"CT_CSS_SKIP_RULE","line-height":"CT_CSS_SKIP_RULE","letter-spacing":"CT_CSS_SKIP_RULE","text-transform":"CT_CSS_SKIP_RULE","text-decoration":"CT_CSS_SKIP_RULE"},"pageExcerptColor":{"default":{"color":"CT_CSS_SKIP_RULEDEFAULT"}},"breadcrumbsFont":{"family":"Default","variation":"Default","size":"CT_CSS_SKIP_RULE","line-height":"CT_CSS_SKIP_RULE","letter-spacing":"CT_CSS_SKIP_RULE","text-transform":"CT_CSS_SKIP_RULE","text-decoration":"CT_CSS_SKIP_RULE"},"breadcrumbsFontColor":{"default":{"color":"CT_CSS_SKIP_RULEDEFAULT"},"initial":{"color":"CT_CSS_SKIP_RULEDEFAULT"},"hover":{"color":"CT_CSS_SKIP_RULEDEFAULT"}},"pageTitleOverlay":{"background_type":"color","background_pattern":"type-1","background_image":{"attachment_id":null,"x":0,"y":0},"gradient":"linear-gradient(135deg,rgba(6,147,227,1) 0%,rgb(155,81,224) 100%)","background_repeat":"repeat","background_size":"auto","background_attachment":"scroll","patternColor":{"default":{"color":"#e5e7ea"}},"overlayColor":{"default":{"color":"CT_CSS_SKIP_RULE"}},"backgroundColor":{"default":{"color":"CT_CSS_SKIP_RULE"}}},"pageTitleBackground":{"background_type":"color","background_pattern":"type-1","background_image":{"attachment_id":null,"x":0,"y":0},"gradient":"linear-gradient(135deg,rgba(6,147,227,1) 0%,rgb(155,81,224) 100%)","background_repeat":"repeat","background_size":"auto","background_attachment":"scroll","patternColor":{"default":{"color":"#e5e7ea"}},"overlayColor":{"default":{"color":"CT_CSS_SKIP_RULE"}},"backgroundColor":{"default":{"color":"var(--theme-palette-color-6)"}}},"pageTitlePadding":{"top":"50px","bottom":"50px","left":"auto","right":"auto","linked":true},"12e455f30de1d15aed0effbbb6f951bf":"","page_structure_type":"default","f474d2f3ad69b4e64f52dac0a3aa2bb2":"","content_style_source":"inherit","content_style":"wide","vertical_spacing_source":"custom","content_area_spacing":"none","background":{"background_type":"color","background_pattern":"type-1","background_image":{"attachment_id":null,"x":0,"y":0},"gradient":"linear-gradient(135deg,rgba(6,147,227,1) 0%,rgb(155,81,224) 100%)","background_repeat":"repeat","background_size":"auto","background_attachment":"scroll","patternColor":{"default":{"color":"#e5e7ea"}},"overlayColor":{"default":{"color":"CT_CSS_SKIP_RULE"}},"backgroundColor":{"default":{"color":"CT_CSS_SKIP_RULE"}}},"content_background":{"background_type":"color","background_pattern":"type-1","background_image":{"attachment_id":null,"x":0,"y":0},"gradient":"linear-gradient(135deg,rgba(6,147,227,1) 0%,rgb(155,81,224) 100%)","background_repeat":"repeat","background_size":"auto","background_attachment":"scroll","patternColor":{"default":{"color":"#e5e7ea"}},"overlayColor":{"default":{"color":"CT_CSS_SKIP_RULE"}},"backgroundColor":{"default":{"color":"var(--theme-palette-color-8)"}}},"content_boxed_shadow":{"inherit":false,"blur":18,"spread":-6,"v_offset":12,"h_offset":0,"inset":false,"enable":true,"color":{"color":"rgba(34, 56, 101, 0.04)"}},"content_boxed_border":{"width":1,"style":"none","color":{"color":"rgba(44,62,80,0.2)"}},"content_boxed_radius":{"top":"3px","bottom":"3px","left":"3px","right":"3px","linked":true},"boxed_content_spacing":{"desktop":{"top":"40px","bottom":"40px","left":"40px","right":"40px","linked":true},"tablet":{"top":"35px","bottom":"35px","left":"35px","right":"35px","linked":true},"mobile":{"top":"20px","bottom":"20px","left":"20px","right":"20px","linked":true}},"fca9f1d1c7aa58a4b21dd78357f6373e":"","disable_featured_image":"no","disable_share_box":"no","disable_header":"no","disable_footer":"no","styles_descriptor":{"styles":{"desktop":"","tablet":"","mobile":""},"google_fonts":[],"version":6}},"aioseo_notices":[],"_links":{"self":[{"href":"http:\/\/cmabio.uea.edu.br\/index.php\/wp-json\/wp\/v2\/pages\/790","targetHints":{"allow":["GET"]}}],"collection":[{"href":"http:\/\/cmabio.uea.edu.br\/index.php\/wp-json\/wp\/v2\/pages"}],"about":[{"href":"http:\/\/cmabio.uea.edu.br\/index.php\/wp-json\/wp\/v2\/types\/page"}],"author":[{"embeddable":true,"href":"http:\/\/cmabio.uea.edu.br\/index.php\/wp-json\/wp\/v2\/users\/1"}],"replies":[{"embeddable":true,"href":"http:\/\/cmabio.uea.edu.br\/index.php\/wp-json\/wp\/v2\/comments?post=790"}],"version-history":[{"count":10,"href":"http:\/\/cmabio.uea.edu.br\/index.php\/wp-json\/wp\/v2\/pages\/790\/revisions"}],"predecessor-version":[{"id":1817,"href":"http:\/\/cmabio.uea.edu.br\/index.php\/wp-json\/wp\/v2\/pages\/790\/revisions\/1817"}],"wp:attachment":[{"href":"http:\/\/cmabio.uea.edu.br\/index.php\/wp-json\/wp\/v2\/media?parent=790"}],"curies":[{"name":"wp","href":"https:\/\/api.w.org\/{rel}","templated":true}]}}