{"id":719,"date":"2025-08-26T12:38:05","date_gmt":"2025-08-26T15:38:05","guid":{"rendered":"http:\/\/172.16.1.60\/?page_id=719"},"modified":"2025-12-04T14:08:15","modified_gmt":"2025-12-04T18:08:15","slug":"sobreauea","status":"publish","type":"page","link":"http:\/\/cmabio.uea.edu.br\/index.php\/sobreauea\/","title":{"rendered":"Sobre a UEA"},"content":{"rendered":"\n<div class=\"wp-block-stackable-columns alignfull stk-block-columns stk-block stk-51b2b12 stk-block-background stk--has-background-overlay\" data-block-id=\"51b2b12\"><style>.stk-51b2b12 .stk--block-align-51b2b12{align-items:center !important;}.stk-51b2b12 {background-color:#000000 !important;background-image:url(http:\/\/cmabio.uea.edu.br\/wp-content\/uploads\/2025\/11\/blog10.jpg) !important;background-position:bottom center !important;background-repeat:no-repeat !important;background-size:cover !important;padding-top:300px !important;padding-bottom:200px !important;margin-bottom:0px !important;}.stk-51b2b12:before{background-color:#000000 !important;opacity:0.6 !important;}.stk-51b2b12-column{--stk-column-gap:35px !important;row-gap:35px !important;}@media screen and (max-width:999px){.stk-51b2b12 {padding-top:250px !important;padding-bottom:150px !important;}}@media screen and (max-width:689px){.stk-51b2b12 {padding-top:150px !important;padding-bottom:100px !important;}}<\/style><div class=\"stk-row stk-inner-blocks stk--block-align-51b2b12 stk-block-content stk-content-align stk-51b2b12-column alignfull\">\n<div class=\"wp-block-stackable-column stk-block-column stk-column stk-block stk-0e2597c\" data-v=\"4\" data-block-id=\"0e2597c\"><style>.stk-0e2597c-container{margin-top:0px !important;margin-right:0px !important;margin-bottom:0px !important;margin-left:0px !important;}<\/style><div class=\"stk-column-wrapper stk-block-column__content stk-container stk-0e2597c-container stk--no-background stk--no-padding\"><div class=\"stk-block-content stk-inner-blocks stk-0e2597c-inner-blocks\">\n<div class=\"wp-block-stackable-heading stk-block-heading stk-block-heading--v2 stk-block stk-45aa733\" id=\"sobre-a-uea\" data-block-id=\"45aa733\"><style>.stk-45aa733 .stk-block-heading__text{color:var(--theme-palette-color-6, #F3F5F9) !important;}<\/style><h2 class=\"stk-block-heading__text has-text-color has-text-align-center\">Sobre a UEA<\/h2><\/div>\n<\/div><\/div><\/div>\n<\/div><\/div>\n\n\n\n<div class=\"wp-block-stackable-spacer stk-block-spacer stk--no-padding stk-block stk-defca4f\" data-block-id=\"defca4f\"><style>.stk-defca4f {height:140px !important;}<\/style><\/div>\n\n\n\n<div class=\"wp-block-stackable-heading stk-block-heading stk-block-heading--v2 stk-block stk-daf9550\" id=\"conhecendo-a-universidade-do-estado-do-amazonas-uea\" data-block-id=\"daf9550\"><style>.stk-daf9550 .stk-block-heading__text{font-size:30px !important;font-weight:800 !important;font-family:system-ui, sans-serif !important;}@media screen and (max-width:999px){.stk-daf9550 .stk-block-heading__text{font-size:30px !important;}}<\/style><h2 class=\"stk-block-heading__text\">Conhecendo a Universidade do Estado do Amazonas (UEA)<\/h2><\/div>\n\n\n\n<p>A Universidade do Estado do Amazonas (UEA) \u00e9 uma institui\u00e7\u00e3o de ensino superior p\u00fablica vinculada ao Governo do Estado do Amazonas. Atualmente oferece mais de 80 cursos superiores espalhados por 17 cidades amazonenses, e em n\u00edvel de p\u00f3s-gradua\u00e7\u00e3o conta com 108 especializa\u00e7\u00f5es lato sensu, al\u00e9m de 15 programas de mestrado (stricto sensu) e 5 de doutorado, dando o t\u00edtulo de maior universidade multicampi do Brasil, contando com 5 Escolas Superiores e uma unidade sede. Apesar de ser uma institui\u00e7\u00e3o jovem tem sido uma grande refer\u00eancia crescimento regional, na interioriza\u00e7\u00e3o da educa\u00e7\u00e3o e nos projetos de desenvolvimento social.<\/p>\n\n\n\n<p>A UEA foi institu\u00edda pela Lei n\u00ba 2.637, de 12 de janeiro 2001. Possui suas ra\u00edzes no Instituto de Tecnologia da Amaz\u00f4nia (UTAM), criado pelo Decreto Estadual n\u00ba 2.540 de 18 de janeiro de 1973. Alguns anos depois, atrav\u00e9s da Lei Estadual n\u00ba 1.273 de 10 de outubro de 1977, a UTAM foi transformada em Instituto de Ensino Superior.<\/p>\n\n\n\n<p>A primeira a\u00e7\u00e3o da UEA rec\u00e9m institu\u00edda em 2001 foi realizar o concurso vestibular com 1.930 vagas em 12 cursos distribu\u00eddos na capital amazonense e em dois munic\u00edpios do interior (Tef\u00e9 e Parintins), na gest\u00e3o do governador Amazonino Armando Mendes.<\/p>\n\n\n\n<p>A sua estrutura atualmente conta com com cinco Unidades Acad\u00eamicas na capital (Escolas Superiores); seis Centros de Estudos Superiores e 12 N\u00facleos de Ensino Superior no interior do estado. A UEA possui mais de 20 mil estudantes regularmente matriculados em seus cursos de gradua\u00e7\u00e3o e p\u00f3s-gradua\u00e7\u00e3o.<\/p>\n\n\n\n<div class=\"wp-block-stackable-heading stk-block-heading stk-block-heading--v2 stk-block stk-dbee6db\" id=\"unidades-da-capital\" data-block-id=\"dbee6db\"><style>.stk-dbee6db .stk-block-heading__text{font-size:30px !important;font-weight:800 !important;font-family:system-ui, sans-serif !important;}@media screen and (max-width:999px){.stk-dbee6db .stk-block-heading__text{font-size:30px !important;}}<\/style><h2 class=\"stk-block-heading__text\">Unidades da capital<\/h2><\/div>\n\n\n\n<div class=\"wp-block-stackable-subtitle stk-block-subtitle stk-block stk-c6733ec\" data-block-id=\"c6733ec\"><p class=\"stk-block-subtitle__text stk-subtitle\"><strong>Escola Superior de Ci\u00eancias da Sa\u00fade (ESA)<\/strong><\/p><\/div>\n\n\n\n<figure class=\"wp-block-image size-full is-resized\"><img loading=\"lazy\" decoding=\"async\" width=\"680\" height=\"386\" src=\"http:\/\/172.16.1.60\/wp-content\/uploads\/2025\/09\/uea-escola-superior-de-ciencia-da-saude_divulgacao-.jpg\" alt=\"\" class=\"wp-image-1178\" style=\"width:802px;height:auto\" srcset=\"http:\/\/cmabio.uea.edu.br\/wp-content\/uploads\/2025\/09\/uea-escola-superior-de-ciencia-da-saude_divulgacao-.jpg 680w, http:\/\/cmabio.uea.edu.br\/wp-content\/uploads\/2025\/09\/uea-escola-superior-de-ciencia-da-saude_divulgacao--300x170.jpg 300w\" sizes=\"auto, (max-width: 680px) 100vw, 680px\" \/><\/figure>\n\n\n\n<p><strong>Escola Normal Superior (ENS)<\/strong><\/p>\n\n\n\n<figure class=\"wp-block-image size-full\"><img loading=\"lazy\" decoding=\"async\" width=\"800\" height=\"533\" src=\"http:\/\/172.16.1.60\/wp-content\/uploads\/2025\/09\/uea-escola-normal-superior.jpg\" alt=\"\" class=\"wp-image-1179\" srcset=\"http:\/\/cmabio.uea.edu.br\/wp-content\/uploads\/2025\/09\/uea-escola-normal-superior.jpg 800w, http:\/\/cmabio.uea.edu.br\/wp-content\/uploads\/2025\/09\/uea-escola-normal-superior-300x200.jpg 300w, http:\/\/cmabio.uea.edu.br\/wp-content\/uploads\/2025\/09\/uea-escola-normal-superior-768x512.jpg 768w\" sizes=\"auto, (max-width: 800px) 100vw, 800px\" \/><\/figure>\n\n\n\n<div class=\"wp-block-stackable-subtitle stk-block-subtitle stk-block stk-878463b\" data-block-id=\"878463b\"><p class=\"stk-block-subtitle__text stk-subtitle\"><strong>Escola Superior de Artes e Turismo (ESAT)<\/strong><\/p><\/div>\n\n\n\n<figure class=\"wp-block-image size-full is-resized\"><img loading=\"lazy\" decoding=\"async\" width=\"984\" height=\"554\" src=\"http:\/\/172.16.1.60\/wp-content\/uploads\/2025\/09\/whatsapp-image-2019-04-09-at-10.06.12.jpeg\" alt=\"\" class=\"wp-image-1180\" style=\"width:806px;height:auto\" srcset=\"http:\/\/cmabio.uea.edu.br\/wp-content\/uploads\/2025\/09\/whatsapp-image-2019-04-09-at-10.06.12.jpeg 984w, http:\/\/cmabio.uea.edu.br\/wp-content\/uploads\/2025\/09\/whatsapp-image-2019-04-09-at-10.06.12-300x169.jpeg 300w, http:\/\/cmabio.uea.edu.br\/wp-content\/uploads\/2025\/09\/whatsapp-image-2019-04-09-at-10.06.12-768x432.jpeg 768w\" sizes=\"auto, (max-width: 984px) 100vw, 984px\" \/><\/figure>\n\n\n\n<div class=\"wp-block-stackable-subtitle stk-block-subtitle stk-block stk-faae155\" data-block-id=\"faae155\"><p class=\"stk-block-subtitle__text stk-subtitle\"><strong>Escola Superior de Ci\u00eancias Sociais (ESO)<\/strong><\/p><\/div>\n\n\n\n<figure class=\"wp-block-image size-full is-resized\"><img loading=\"lazy\" decoding=\"async\" width=\"984\" height=\"554\" src=\"http:\/\/172.16.1.60\/wp-content\/uploads\/2025\/09\/uea-escola-superior-de-ciencias-sociais-fachada-eso.avif\" alt=\"\" class=\"wp-image-1181\" style=\"width:807px;height:auto\" srcset=\"http:\/\/cmabio.uea.edu.br\/wp-content\/uploads\/2025\/09\/uea-escola-superior-de-ciencias-sociais-fachada-eso.avif 984w, http:\/\/cmabio.uea.edu.br\/wp-content\/uploads\/2025\/09\/uea-escola-superior-de-ciencias-sociais-fachada-eso-300x169.avif 300w, http:\/\/cmabio.uea.edu.br\/wp-content\/uploads\/2025\/09\/uea-escola-superior-de-ciencias-sociais-fachada-eso-768x432.avif 768w\" sizes=\"auto, (max-width: 984px) 100vw, 984px\" \/><\/figure>\n\n\n\n<p><strong>Escola Superior de Tecnologia (EST)<\/strong><\/p>\n\n\n\n<figure class=\"wp-block-image size-full is-resized\"><img loading=\"lazy\" decoding=\"async\" width=\"1024\" height=\"682\" src=\"http:\/\/172.16.1.60\/wp-content\/uploads\/2025\/09\/Escola-Superior-de-Tecnologia_EST_Daniel-Brito-1024x682-1.jpg\" alt=\"\" class=\"wp-image-1182\" style=\"width:805px;height:auto\" srcset=\"http:\/\/cmabio.uea.edu.br\/wp-content\/uploads\/2025\/09\/Escola-Superior-de-Tecnologia_EST_Daniel-Brito-1024x682-1.jpg 1024w, http:\/\/cmabio.uea.edu.br\/wp-content\/uploads\/2025\/09\/Escola-Superior-de-Tecnologia_EST_Daniel-Brito-1024x682-1-300x200.jpg 300w, http:\/\/cmabio.uea.edu.br\/wp-content\/uploads\/2025\/09\/Escola-Superior-de-Tecnologia_EST_Daniel-Brito-1024x682-1-768x512.jpg 768w\" sizes=\"auto, (max-width: 1024px) 100vw, 1024px\" \/><\/figure>\n\n\n\n<div class=\"wp-block-stackable-spacer stk-block-spacer stk--no-padding stk-block stk-6cca8f6\" data-block-id=\"6cca8f6\"><style>.stk-6cca8f6 {height:140px !important;}<\/style><\/div>\n","protected":false},"excerpt":{"rendered":"<p>Sobre a UEA Conhecendo a Universidade do Estado do Amazonas (UEA) A Universidade do Estado do Amazonas (UEA) \u00e9 uma institui\u00e7\u00e3o de ensino superior p\u00fablica vinculada ao Governo do Estado do Amazonas. Atualmente oferece mais de 80 cursos superiores espalhados por 17 cidades amazonenses, e em n\u00edvel de p\u00f3s-gradua\u00e7\u00e3o conta com 108 especializa\u00e7\u00f5es lato sensu, [&hellip;]<\/p>\n","protected":false},"author":1,"featured_media":0,"parent":0,"menu_order":0,"comment_status":"closed","ping_status":"closed","template":"","meta":{"om_disable_all_campaigns":false,"_monsterinsights_skip_tracking":false,"_monsterinsights_sitenote_active":false,"_monsterinsights_sitenote_note":"","_monsterinsights_sitenote_category":0,"footnotes":""},"class_list":["post-719","page","type-page","status-publish","hentry"],"blocksy_meta":{"page_title_panel":"","has_hero_section":"disabled","fe1c64ab89945cda534f4bb2d579ae1a":"","hero_section":"type-1","hero_elements":[{"id":"custom_title","enabled":true,"heading_tag":"h1","title":"Home"},{"id":"custom_description","enabled":true,"description_visibility":{"desktop":true,"tablet":true,"mobile":false}},{"id":"custom_meta","enabled":false,"meta_elements":[{"id":"author","enabled":true,"label":"By","has_author_avatar":"yes","avatar_size":25},{"id":"post_date","enabled":true,"label":"On","date_format_source":"default","date_format":"M j, Y"},{"id":"updated_date","enabled":false,"label":"On","date_format_source":"default","date_format":"M j, Y"},{"id":"categories","enabled":false,"label":"In","style":"simple"},{"id":"comments","enabled":true}],"page_meta_elements":{"joined":true,"articles_count":true,"comments":true}},{"id":"breadcrumbs","enabled":false}],"433b02732bec8d55ec282f00a9a700eb":"","hero_alignment1":"CT_CSS_SKIP_RULE","hero_margin":40,"hero_alignment2":"center","hero_vertical_alignment":"center","fdbb34d69d6afe2394c07d96c9ea0b60":"","hero_structure":"narrow","cb306aece5e91b9a44875e4a81075440":"","page_title_bg_type":"featured_image","custom_hero_background":{"attachment_id":null},"page_title_image_size":"full","parallax":{"desktop":false,"tablet":false,"mobile":false},"034bc954f3c533bc75ffdf62670c8395":"","hero_height":"250px","pageTitleFont":{"family":"Default","variation":"Default","size":"30px","line-height":"CT_CSS_SKIP_RULE","letter-spacing":"CT_CSS_SKIP_RULE","text-transform":"CT_CSS_SKIP_RULE","text-decoration":"CT_CSS_SKIP_RULE"},"pageTitleFontColor":{"default":{"color":"CT_CSS_SKIP_RULEDEFAULT"}},"pageMetaFont":{"family":"Default","variation":"n6","size":"12px","line-height":"1.3","letter-spacing":"CT_CSS_SKIP_RULE","text-transform":"uppercase","text-decoration":"CT_CSS_SKIP_RULE"},"pageMetaFontColor":{"default":{"color":"CT_CSS_SKIP_RULEDEFAULT"},"hover":{"color":"CT_CSS_SKIP_RULEDEFAULT"}},"page_meta_button_type_font_colors":{"default":{"color":"CT_CSS_SKIP_RULEDEFAULT"},"hover":{"color":"CT_CSS_SKIP_RULEDEFAULT"}},"page_meta_button_type_background_colors":{"default":{"color":"CT_CSS_SKIP_RULEDEFAULT"},"hover":{"color":"CT_CSS_SKIP_RULEDEFAULT"}},"pageExcerptFont":{"family":"Default","variation":"Default","size":"CT_CSS_SKIP_RULE","line-height":"CT_CSS_SKIP_RULE","letter-spacing":"CT_CSS_SKIP_RULE","text-transform":"CT_CSS_SKIP_RULE","text-decoration":"CT_CSS_SKIP_RULE"},"pageExcerptColor":{"default":{"color":"CT_CSS_SKIP_RULEDEFAULT"}},"breadcrumbsFont":{"family":"Default","variation":"Default","size":"CT_CSS_SKIP_RULE","line-height":"CT_CSS_SKIP_RULE","letter-spacing":"CT_CSS_SKIP_RULE","text-transform":"CT_CSS_SKIP_RULE","text-decoration":"CT_CSS_SKIP_RULE"},"breadcrumbsFontColor":{"default":{"color":"CT_CSS_SKIP_RULEDEFAULT"},"initial":{"color":"CT_CSS_SKIP_RULEDEFAULT"},"hover":{"color":"CT_CSS_SKIP_RULEDEFAULT"}},"pageTitleOverlay":{"background_type":"color","background_pattern":"type-1","background_image":{"attachment_id":null,"x":0,"y":0},"gradient":"linear-gradient(135deg,rgba(6,147,227,1) 0%,rgb(155,81,224) 100%)","background_repeat":"repeat","background_size":"auto","background_attachment":"scroll","patternColor":{"default":{"color":"#e5e7ea"}},"overlayColor":{"default":{"color":"CT_CSS_SKIP_RULE"}},"backgroundColor":{"default":{"color":"CT_CSS_SKIP_RULE"}}},"pageTitleBackground":{"background_type":"color","background_pattern":"type-1","background_image":{"attachment_id":null,"x":0,"y":0},"gradient":"linear-gradient(135deg,rgba(6,147,227,1) 0%,rgb(155,81,224) 100%)","background_repeat":"repeat","background_size":"auto","background_attachment":"scroll","patternColor":{"default":{"color":"#e5e7ea"}},"overlayColor":{"default":{"color":"CT_CSS_SKIP_RULE"}},"backgroundColor":{"default":{"color":"var(--theme-palette-color-6)"}}},"pageTitlePadding":{"top":"50px","bottom":"50px","left":"auto","right":"auto","linked":true},"12e455f30de1d15aed0effbbb6f951bf":"","page_structure_type":"default","f474d2f3ad69b4e64f52dac0a3aa2bb2":"","content_style_source":"inherit","content_style":"wide","vertical_spacing_source":"custom","content_area_spacing":"none","background":{"background_type":"color","background_pattern":"type-1","background_image":{"attachment_id":null,"x":0,"y":0},"gradient":"linear-gradient(135deg,rgba(6,147,227,1) 0%,rgb(155,81,224) 100%)","background_repeat":"repeat","background_size":"auto","background_attachment":"scroll","patternColor":{"default":{"color":"#e5e7ea"}},"overlayColor":{"default":{"color":"CT_CSS_SKIP_RULE"}},"backgroundColor":{"default":{"color":"CT_CSS_SKIP_RULE"}}},"content_background":{"background_type":"color","background_pattern":"type-1","background_image":{"attachment_id":null,"x":0,"y":0},"gradient":"linear-gradient(135deg,rgba(6,147,227,1) 0%,rgb(155,81,224) 100%)","background_repeat":"repeat","background_size":"auto","background_attachment":"scroll","patternColor":{"default":{"color":"#e5e7ea"}},"overlayColor":{"default":{"color":"CT_CSS_SKIP_RULE"}},"backgroundColor":{"default":{"color":"var(--theme-palette-color-8)"}}},"content_boxed_shadow":{"inherit":false,"blur":18,"spread":-6,"v_offset":12,"h_offset":0,"inset":false,"enable":true,"color":{"color":"rgba(34, 56, 101, 0.04)"}},"content_boxed_border":{"width":1,"style":"none","color":{"color":"rgba(44,62,80,0.2)"}},"content_boxed_radius":{"top":"3px","bottom":"3px","left":"3px","right":"3px","linked":true},"boxed_content_spacing":{"desktop":{"top":"40px","bottom":"40px","left":"40px","right":"40px","linked":true},"tablet":{"top":"35px","bottom":"35px","left":"35px","right":"35px","linked":true},"mobile":{"top":"20px","bottom":"20px","left":"20px","right":"20px","linked":true}},"fca9f1d1c7aa58a4b21dd78357f6373e":"","disable_featured_image":"no","disable_share_box":"no","disable_header":"no","disable_footer":"no","styles_descriptor":{"styles":{"desktop":"","tablet":"","mobile":""},"google_fonts":[],"version":6}},"aioseo_notices":[],"_links":{"self":[{"href":"http:\/\/cmabio.uea.edu.br\/index.php\/wp-json\/wp\/v2\/pages\/719","targetHints":{"allow":["GET"]}}],"collection":[{"href":"http:\/\/cmabio.uea.edu.br\/index.php\/wp-json\/wp\/v2\/pages"}],"about":[{"href":"http:\/\/cmabio.uea.edu.br\/index.php\/wp-json\/wp\/v2\/types\/page"}],"author":[{"embeddable":true,"href":"http:\/\/cmabio.uea.edu.br\/index.php\/wp-json\/wp\/v2\/users\/1"}],"replies":[{"embeddable":true,"href":"http:\/\/cmabio.uea.edu.br\/index.php\/wp-json\/wp\/v2\/comments?post=719"}],"version-history":[{"count":12,"href":"http:\/\/cmabio.uea.edu.br\/index.php\/wp-json\/wp\/v2\/pages\/719\/revisions"}],"predecessor-version":[{"id":1813,"href":"http:\/\/cmabio.uea.edu.br\/index.php\/wp-json\/wp\/v2\/pages\/719\/revisions\/1813"}],"wp:attachment":[{"href":"http:\/\/cmabio.uea.edu.br\/index.php\/wp-json\/wp\/v2\/media?parent=719"}],"curies":[{"name":"wp","href":"https:\/\/api.w.org\/{rel}","templated":true}]}}