{"id":713,"date":"2025-08-26T12:37:03","date_gmt":"2025-08-26T15:37:03","guid":{"rendered":"http:\/\/172.16.1.60\/?page_id=713"},"modified":"2025-12-04T14:08:45","modified_gmt":"2025-12-04T18:08:45","slug":"regimeinterno","status":"publish","type":"page","link":"http:\/\/cmabio.uea.edu.br\/index.php\/regimeinterno\/","title":{"rendered":"Regime interno"},"content":{"rendered":"\n<div class=\"wp-block-stackable-columns alignfull stk-block-columns stk-block stk-51b2b12 stk-block-background stk--has-background-overlay\" data-block-id=\"51b2b12\"><style>.stk-51b2b12 .stk--block-align-51b2b12{align-items:center !important;}.stk-51b2b12 {background-color:#000000 !important;background-image:url(http:\/\/cmabio.uea.edu.br\/wp-content\/uploads\/2025\/11\/blog10.jpg) !important;background-position:bottom center !important;background-repeat:no-repeat !important;background-size:cover !important;padding-top:300px !important;padding-bottom:200px !important;margin-bottom:0px !important;}.stk-51b2b12:before{background-color:#000000 !important;opacity:0.6 !important;}.stk-51b2b12-column{--stk-column-gap:35px !important;row-gap:35px !important;}@media screen and (max-width:999px){.stk-51b2b12 {padding-top:250px !important;padding-bottom:150px !important;}}@media screen and (max-width:689px){.stk-51b2b12 {padding-top:150px !important;padding-bottom:100px !important;}}<\/style><div class=\"stk-row stk-inner-blocks stk--block-align-51b2b12 stk-block-content stk-content-align stk-51b2b12-column alignfull\">\n<div class=\"wp-block-stackable-column stk-block-column stk-column stk-block stk-0e2597c\" data-v=\"4\" data-block-id=\"0e2597c\"><style>.stk-0e2597c-container{margin-top:0px !important;margin-right:0px !important;margin-bottom:0px !important;margin-left:0px !important;}<\/style><div class=\"stk-column-wrapper stk-block-column__content stk-container stk-0e2597c-container stk--no-background stk--no-padding\"><div class=\"stk-block-content stk-inner-blocks stk-0e2597c-inner-blocks\">\n<div class=\"wp-block-stackable-heading stk-block-heading stk-block-heading--v2 stk-block stk-45aa733\" id=\"regimento-interno\" data-block-id=\"45aa733\"><style>.stk-45aa733 .stk-block-heading__text{color:var(--theme-palette-color-6, #F3F5F9) !important;}<\/style><h2 class=\"stk-block-heading__text has-text-color has-text-align-center\">Regimento interno<\/h2><\/div>\n<\/div><\/div><\/div>\n<\/div><\/div>\n\n\n\n<div class=\"wp-block-stackable-spacer stk-block-spacer stk--no-padding stk-block stk-7d9137a\" data-block-id=\"7d9137a\"><style>.stk-7d9137a {height:140px !important;}<\/style><\/div>\n\n\n\n<div class=\"wp-block-stackable-text stk-block-text stk-block stk-0290f69\" data-block-id=\"0290f69\"><style>.stk-0290f69 {margin-bottom:50px !important;}<\/style><p class=\"stk-block-text__text\">Estas normas t\u00eam por finalidade organizar as atividades do Centro Multiusu\u00e1rio para An\u00e1lise em Fen\u00f4menos Biom\u00e9dicos (CMABio- UEA) visando um atendimento de qualidade aos pesquisadores, bolsistas e estudantes interessados em desenvolver projetos de pesquisa aplicando ferramentas de microscopia em sua \u00e1rea de atua\u00e7\u00e3o.<\/p><\/div>\n\n\n\n<div class=\"wp-block-stackable-button-group stk-block-button-group stk-block stk-a4b0fb7\" data-block-id=\"a4b0fb7\"><style>.stk-a4b0fb7 {margin-bottom:50px !important;}<\/style><div class=\"stk-row stk-inner-blocks stk-block-content stk-button-group\">\n<div class=\"wp-block-stackable-button stk-block-button stk-block stk-4bff42e\" data-block-id=\"4bff42e\"><a class=\"stk-link stk-button stk--hover-effect-darken\" href=\"https:\/\/drive.google.com\/file\/d\/1wLgfld8lOaYJOMXT3AoOKLk20TX56LQ0\/view?usp=sharing\" target=\"_blank\" rel=\"noreferrer noopener\"><span class=\"stk-button__inner-text\">Regimento interno | Baixar<\/span><\/a><\/div>\n<\/div><\/div>\n\n\n\n<div class=\"wp-block-stackable-heading stk-block-heading stk-block-heading--v2 stk-block stk-6879e47\" id=\"1-corpo-tecnico\" data-block-id=\"6879e47\"><style>.stk-6879e47 .stk-block-heading__text{font-size:30px !important;font-weight:800 !important;font-family:system-ui, sans-serif !important;}@media screen and (max-width:999px){.stk-6879e47 .stk-block-heading__text{font-size:30px !important;}}<\/style><h2 class=\"stk-block-heading__text\">1.&nbsp;&nbsp; Corpo t\u00e9cnico<\/h2><\/div>\n\n\n\n<div class=\"wp-block-stackable-text stk-block-text stk-block stk-a7fe713\" data-block-id=\"a7fe713\"><p class=\"stk-block-text__text\">O CMABio-UEA disp\u00f5e de t\u00e9cnicos que:<\/p><\/div>\n\n\n\n<ul class=\"wp-block-list\">\n<li><strong>Operar\u00e3o os equipamentos de ponto cr\u00edtico, metalizador e microsc\u00f3pios eletr\u00f4nicos e \u00f3pticos<\/strong>;<\/li>\n\n\n\n<li>Manter\u00e3o os equipamentos em funcionamento, prontos para a utiliza\u00e7\u00e3o;<\/li>\n\n\n\n<li>Acompanhar\u00e3o os usu\u00e1rios na opera\u00e7\u00e3o dos demais equipamentos que, para sua melhor conserva\u00e7\u00e3o, dever\u00e3o ser operados de acordo com as orienta\u00e7\u00f5es por eles fornecidas;<\/li>\n\n\n\n<li>Se necess\u00e1rio, prestar\u00e3o assessoria e orienta\u00e7\u00e3o ao usu\u00e1rio nas rotinas de laborat\u00f3rio e nas rotinas de preparo de amostras, assim como na obten\u00e7\u00e3o de imagens;<\/li>\n\n\n\n<li>Far\u00e3o o acompanhamento e orienta\u00e7\u00e3o aos usu\u00e1rios, a responsabilidade pela execu\u00e7<\/li>\n<\/ul>\n\n\n\n<div class=\"wp-block-stackable-heading stk-block-heading stk-block-heading--v2 stk-block stk-5a2c0f6\" id=\"2-horario-de-atendimento-e-agendamento\" data-block-id=\"5a2c0f6\"><style>.stk-5a2c0f6 .stk-block-heading__text{font-size:30px !important;font-weight:800 !important;font-family:system-ui, sans-serif !important;}@media screen and (max-width:999px){.stk-5a2c0f6 .stk-block-heading__text{font-size:30px !important;}}<\/style><h2 class=\"stk-block-heading__text\">2.&nbsp;&nbsp; Hor\u00e1rio de atendimento e agendamento:<\/h2><\/div>\n\n\n\n<p>O CMABio-UEA estar\u00e1 \u00e0 disposi\u00e7\u00e3o dos pesquisadores de segunda a sexta-feira das 9:00 \u00e0s 17:00 horas mediante agendamento previamente solicitado, o qual ser\u00e1 otimizado em fun\u00e7\u00e3o das demandas. Para estar apto a efetuar o agendamento o pesquisador deve preencher e entregar o formul\u00e1rio que consta no site.<\/p>\n\n\n\n<div class=\"wp-block-stackable-heading stk-block-heading stk-block-heading--v2 stk-block stk-a762499\" id=\"3-conduta\" data-block-id=\"a762499\"><style>.stk-a762499 .stk-block-heading__text{font-size:30px !important;font-weight:800 !important;font-family:system-ui, sans-serif !important;}@media screen and (max-width:999px){.stk-a762499 .stk-block-heading__text{font-size:30px !important;}}<\/style><h2 class=\"stk-block-heading__text\">3.&nbsp;&nbsp; Conduta<\/h2><\/div>\n\n\n\n<p>Os pesquisadores respons\u00e1veis pela pesquisa, orienta\u00e7\u00e3o ou supervis\u00e3o dever\u00e3o orientar suas equipes para que tenham cuidado e zelo pelos equipamentos e instala\u00e7\u00f5es do CMABio-UEA, os casos de m\u00e1 conduta quanto a utiliza\u00e7\u00e3o dos equipamentos e desrespeito \u00e0s normas e funcion\u00e1rios do CMABio-UEA ser\u00e3o avaliados pelo Comit\u00ea Gestor e poder\u00e3o implicar em proibi\u00e7\u00e3o do uso das instala\u00e7\u00f5es deste laborat\u00f3rio<\/p>\n\n\n\n<div class=\"wp-block-stackable-heading stk-block-heading stk-block-heading--v2 stk-block stk-75f3d2b\" id=\"4-modificacao-das-imagens-apos-aquisicao\" data-block-id=\"75f3d2b\"><style>.stk-75f3d2b .stk-block-heading__text{font-size:30px !important;font-weight:800 !important;font-family:system-ui, sans-serif !important;}@media screen and (max-width:999px){.stk-75f3d2b .stk-block-heading__text{font-size:30px !important;}}<\/style><h2 class=\"stk-block-heading__text\">4.&nbsp;&nbsp;&nbsp;Modifica\u00e7\u00e3o das imagens ap\u00f3s aquisi\u00e7\u00e3o<\/h2><\/div>\n\n\n\n<p><strong>N\u00e3o recomendamos o tratamento das imagens adquiridas no CMABio sem conhecimento pr\u00e9vio sobre no\u00e7\u00f5es de brilho, contraste e satura\u00e7\u00e3o<\/strong>, uma vez que as imagens s\u00e3o capturadas nas condi\u00e7\u00f5es ideais para publica\u00e7\u00e3o. Caso ocorra tratamento, que ele seja evidenciado na metodologia do trabalho cient\u00edfico. As montagens das imagens para publica\u00e7\u00e3o devem ser realizadas em softwares adequados para este fim (como Photoshop), para que n\u00e3o ocorra comprometimento da resolu\u00e7\u00e3o das micrografias.<\/p>\n\n\n\n<div class=\"wp-block-stackable-heading stk-block-heading stk-block-heading--v2 stk-block stk-b96ab2c\" id=\"5-agradecimentos\" data-block-id=\"b96ab2c\"><style>.stk-b96ab2c .stk-block-heading__text{font-size:30px !important;font-weight:800 !important;font-family:system-ui, sans-serif !important;}@media screen and (max-width:999px){.stk-b96ab2c .stk-block-heading__text{font-size:30px !important;}}<\/style><h2 class=\"stk-block-heading__text\">5.&nbsp;&nbsp; Agradecimentos<\/h2><\/div>\n\n\n\n<p>Para fins de comprova\u00e7\u00e3o da utiliza\u00e7\u00e3o do laborat\u00f3rio solicitamos&nbsp;<strong>inserir um agradecimento ao Centro Multiusu\u00e1rio para An\u00e1lise em Fen\u00f4menos Biom\u00e9dicos (CMABio- UEA) em todas as publica\u00e7\u00f5es que resultarem do uso de suas instala\u00e7\u00f5es<\/strong>. Ex: apresenta\u00e7\u00f5es em congressos, monografias, disserta\u00e7\u00f5es, teses, resumos, livros e artigos cient\u00edficos.<\/p>\n\n\n\n<p><strong>Solicitamos ainda que uma c\u00f3pia da capa, folha de rosto e resumo das publica\u00e7\u00f5es acima mencionadas sejam encaminhadas pelos pesquisadores respons\u00e1veis pelos projetos ao CMABio-UEA em at\u00e9 60 dias ap\u00f3s a publica\u00e7\u00e3o<\/strong>, para arquivamento e elabora\u00e7\u00e3o de relat\u00f3rios peri\u00f3dicos de nossas atividades.<\/p>\n\n\n\n<div class=\"wp-block-stackable-spacer stk-block-spacer stk--no-padding stk-block stk-f887029\" data-block-id=\"f887029\"><style>.stk-f887029 {height:140px !important;}<\/style><\/div>\n","protected":false},"excerpt":{"rendered":"<p>Regimento interno Estas normas t\u00eam por finalidade organizar as atividades do Centro Multiusu\u00e1rio para An\u00e1lise em Fen\u00f4menos Biom\u00e9dicos (CMABio- UEA) visando um atendimento de qualidade aos pesquisadores, bolsistas e estudantes interessados em desenvolver projetos de pesquisa aplicando ferramentas de microscopia em sua \u00e1rea de atua\u00e7\u00e3o. Regimento interno | Baixar 1.&nbsp;&nbsp; Corpo t\u00e9cnico O CMABio-UEA disp\u00f5e [&hellip;]<\/p>\n","protected":false},"author":1,"featured_media":0,"parent":0,"menu_order":0,"comment_status":"closed","ping_status":"closed","template":"","meta":{"om_disable_all_campaigns":false,"_monsterinsights_skip_tracking":false,"_monsterinsights_sitenote_active":false,"_monsterinsights_sitenote_note":"","_monsterinsights_sitenote_category":0,"footnotes":""},"class_list":["post-713","page","type-page","status-publish","hentry"],"blocksy_meta":{"page_title_panel":"","has_hero_section":"disabled","fe1c64ab89945cda534f4bb2d579ae1a":"","hero_section":"type-1","hero_elements":[{"id":"custom_title","enabled":true,"heading_tag":"h1","title":"Home"},{"id":"custom_description","enabled":true,"description_visibility":{"desktop":true,"tablet":true,"mobile":false}},{"id":"custom_meta","enabled":false,"meta_elements":[{"id":"author","enabled":true,"label":"By","has_author_avatar":"yes","avatar_size":25},{"id":"post_date","enabled":true,"label":"On","date_format_source":"default","date_format":"M j, Y"},{"id":"updated_date","enabled":false,"label":"On","date_format_source":"default","date_format":"M j, Y"},{"id":"categories","enabled":false,"label":"In","style":"simple"},{"id":"comments","enabled":true}],"page_meta_elements":{"joined":true,"articles_count":true,"comments":true}},{"id":"breadcrumbs","enabled":false}],"433b02732bec8d55ec282f00a9a700eb":"","hero_alignment1":"CT_CSS_SKIP_RULE","hero_margin":40,"hero_alignment2":"center","hero_vertical_alignment":"center","fdbb34d69d6afe2394c07d96c9ea0b60":"","hero_structure":"narrow","cb306aece5e91b9a44875e4a81075440":"","page_title_bg_type":"featured_image","custom_hero_background":{"attachment_id":null},"page_title_image_size":"full","parallax":{"desktop":false,"tablet":false,"mobile":false},"034bc954f3c533bc75ffdf62670c8395":"","hero_height":"250px","pageTitleFont":{"family":"Default","variation":"Default","size":"30px","line-height":"CT_CSS_SKIP_RULE","letter-spacing":"CT_CSS_SKIP_RULE","text-transform":"CT_CSS_SKIP_RULE","text-decoration":"CT_CSS_SKIP_RULE"},"pageTitleFontColor":{"default":{"color":"CT_CSS_SKIP_RULEDEFAULT"}},"pageMetaFont":{"family":"Default","variation":"n6","size":"12px","line-height":"1.3","letter-spacing":"CT_CSS_SKIP_RULE","text-transform":"uppercase","text-decoration":"CT_CSS_SKIP_RULE"},"pageMetaFontColor":{"default":{"color":"CT_CSS_SKIP_RULEDEFAULT"},"hover":{"color":"CT_CSS_SKIP_RULEDEFAULT"}},"page_meta_button_type_font_colors":{"default":{"color":"CT_CSS_SKIP_RULEDEFAULT"},"hover":{"color":"CT_CSS_SKIP_RULEDEFAULT"}},"page_meta_button_type_background_colors":{"default":{"color":"CT_CSS_SKIP_RULEDEFAULT"},"hover":{"color":"CT_CSS_SKIP_RULEDEFAULT"}},"pageExcerptFont":{"family":"Default","variation":"Default","size":"CT_CSS_SKIP_RULE","line-height":"CT_CSS_SKIP_RULE","letter-spacing":"CT_CSS_SKIP_RULE","text-transform":"CT_CSS_SKIP_RULE","text-decoration":"CT_CSS_SKIP_RULE"},"pageExcerptColor":{"default":{"color":"CT_CSS_SKIP_RULEDEFAULT"}},"breadcrumbsFont":{"family":"Default","variation":"Default","size":"CT_CSS_SKIP_RULE","line-height":"CT_CSS_SKIP_RULE","letter-spacing":"CT_CSS_SKIP_RULE","text-transform":"CT_CSS_SKIP_RULE","text-decoration":"CT_CSS_SKIP_RULE"},"breadcrumbsFontColor":{"default":{"color":"CT_CSS_SKIP_RULEDEFAULT"},"initial":{"color":"CT_CSS_SKIP_RULEDEFAULT"},"hover":{"color":"CT_CSS_SKIP_RULEDEFAULT"}},"pageTitleOverlay":{"background_type":"color","background_pattern":"type-1","background_image":{"attachment_id":null,"x":0,"y":0},"gradient":"linear-gradient(135deg,rgba(6,147,227,1) 0%,rgb(155,81,224) 100%)","background_repeat":"repeat","background_size":"auto","background_attachment":"scroll","patternColor":{"default":{"color":"#e5e7ea"}},"overlayColor":{"default":{"color":"CT_CSS_SKIP_RULE"}},"backgroundColor":{"default":{"color":"CT_CSS_SKIP_RULE"}}},"pageTitleBackground":{"background_type":"color","background_pattern":"type-1","background_image":{"attachment_id":null,"x":0,"y":0},"gradient":"linear-gradient(135deg,rgba(6,147,227,1) 0%,rgb(155,81,224) 100%)","background_repeat":"repeat","background_size":"auto","background_attachment":"scroll","patternColor":{"default":{"color":"#e5e7ea"}},"overlayColor":{"default":{"color":"CT_CSS_SKIP_RULE"}},"backgroundColor":{"default":{"color":"var(--theme-palette-color-6)"}}},"pageTitlePadding":{"top":"50px","bottom":"50px","left":"auto","right":"auto","linked":true},"12e455f30de1d15aed0effbbb6f951bf":"","page_structure_type":"default","f474d2f3ad69b4e64f52dac0a3aa2bb2":"","content_style_source":"inherit","content_style":"wide","vertical_spacing_source":"custom","content_area_spacing":"none","background":{"background_type":"color","background_pattern":"type-1","background_image":{"attachment_id":null,"x":0,"y":0},"gradient":"linear-gradient(135deg,rgba(6,147,227,1) 0%,rgb(155,81,224) 100%)","background_repeat":"repeat","background_size":"auto","background_attachment":"scroll","patternColor":{"default":{"color":"#e5e7ea"}},"overlayColor":{"default":{"color":"CT_CSS_SKIP_RULE"}},"backgroundColor":{"default":{"color":"CT_CSS_SKIP_RULE"}}},"content_background":{"background_type":"color","background_pattern":"type-1","background_image":{"attachment_id":null,"x":0,"y":0},"gradient":"linear-gradient(135deg,rgba(6,147,227,1) 0%,rgb(155,81,224) 100%)","background_repeat":"repeat","background_size":"auto","background_attachment":"scroll","patternColor":{"default":{"color":"#e5e7ea"}},"overlayColor":{"default":{"color":"CT_CSS_SKIP_RULE"}},"backgroundColor":{"default":{"color":"var(--theme-palette-color-8)"}}},"content_boxed_shadow":{"inherit":false,"blur":18,"spread":-6,"v_offset":12,"h_offset":0,"inset":false,"enable":true,"color":{"color":"rgba(34, 56, 101, 0.04)"}},"content_boxed_border":{"width":1,"style":"none","color":{"color":"rgba(44,62,80,0.2)"}},"content_boxed_radius":{"top":"3px","bottom":"3px","left":"3px","right":"3px","linked":true},"boxed_content_spacing":{"desktop":{"top":"40px","bottom":"40px","left":"40px","right":"40px","linked":true},"tablet":{"top":"35px","bottom":"35px","left":"35px","right":"35px","linked":true},"mobile":{"top":"20px","bottom":"20px","left":"20px","right":"20px","linked":true}},"fca9f1d1c7aa58a4b21dd78357f6373e":"","disable_featured_image":"no","disable_share_box":"no","disable_header":"no","disable_footer":"no","styles_descriptor":{"styles":{"desktop":"","tablet":"","mobile":""},"google_fonts":[],"version":6}},"aioseo_notices":[],"_links":{"self":[{"href":"http:\/\/cmabio.uea.edu.br\/index.php\/wp-json\/wp\/v2\/pages\/713","targetHints":{"allow":["GET"]}}],"collection":[{"href":"http:\/\/cmabio.uea.edu.br\/index.php\/wp-json\/wp\/v2\/pages"}],"about":[{"href":"http:\/\/cmabio.uea.edu.br\/index.php\/wp-json\/wp\/v2\/types\/page"}],"author":[{"embeddable":true,"href":"http:\/\/cmabio.uea.edu.br\/index.php\/wp-json\/wp\/v2\/users\/1"}],"replies":[{"embeddable":true,"href":"http:\/\/cmabio.uea.edu.br\/index.php\/wp-json\/wp\/v2\/comments?post=713"}],"version-history":[{"count":20,"href":"http:\/\/cmabio.uea.edu.br\/index.php\/wp-json\/wp\/v2\/pages\/713\/revisions"}],"predecessor-version":[{"id":1814,"href":"http:\/\/cmabio.uea.edu.br\/index.php\/wp-json\/wp\/v2\/pages\/713\/revisions\/1814"}],"wp:attachment":[{"href":"http:\/\/cmabio.uea.edu.br\/index.php\/wp-json\/wp\/v2\/media?parent=713"}],"curies":[{"name":"wp","href":"https:\/\/api.w.org\/{rel}","templated":true}]}}