{"id":710,"date":"2025-08-26T12:36:25","date_gmt":"2025-08-26T15:36:25","guid":{"rendered":"http:\/\/172.16.1.60\/?page_id=710"},"modified":"2025-12-04T14:14:44","modified_gmt":"2025-12-04T18:14:44","slug":"tabeladevalores","status":"publish","type":"page","link":"http:\/\/cmabio.uea.edu.br\/index.php\/tabeladevalores\/","title":{"rendered":"Tabela de Valores"},"content":{"rendered":"\n<div class=\"wp-block-stackable-columns alignfull stk-block-columns stk-block stk-51b2b12 stk-block-background stk--has-background-overlay\" data-block-id=\"51b2b12\"><style>.stk-51b2b12 .stk--block-align-51b2b12{align-items:center !important;}.stk-51b2b12 {background-color:#000000 !important;background-image:url(http:\/\/cmabio.uea.edu.br\/wp-content\/uploads\/2025\/11\/blog10.jpg) !important;background-position:bottom center !important;background-repeat:no-repeat !important;background-size:cover !important;padding-top:300px !important;padding-bottom:200px !important;margin-bottom:0px !important;}.stk-51b2b12:before{background-color:#000000 !important;opacity:0.6 !important;}.stk-51b2b12-column{--stk-column-gap:35px !important;row-gap:35px !important;}@media screen and (max-width:999px){.stk-51b2b12 {padding-top:250px !important;padding-bottom:150px !important;}}@media screen and (max-width:689px){.stk-51b2b12 {padding-top:150px !important;padding-bottom:100px !important;}}<\/style><div class=\"stk-row stk-inner-blocks stk--block-align-51b2b12 stk-block-content stk-content-align stk-51b2b12-column alignfull\">\n<div class=\"wp-block-stackable-column stk-block-column stk-column stk-block stk-0e2597c\" data-v=\"4\" data-block-id=\"0e2597c\"><style>.stk-0e2597c-container{margin-top:0px !important;margin-right:0px !important;margin-bottom:0px !important;margin-left:0px !important;}<\/style><div class=\"stk-column-wrapper stk-block-column__content stk-container stk-0e2597c-container stk--no-background stk--no-padding\"><div class=\"stk-block-content stk-inner-blocks stk-0e2597c-inner-blocks\">\n<div class=\"wp-block-stackable-heading stk-block-heading stk-block-heading--v2 stk-block stk-45aa733\" id=\"tabela-de-valores\" data-block-id=\"45aa733\"><style>.stk-45aa733 .stk-block-heading__text{color:var(--theme-palette-color-6, #F3F5F9) !important;}<\/style><h2 class=\"stk-block-heading__text has-text-color has-text-align-center\">Tabela de Valores<\/h2><\/div>\n<\/div><\/div><\/div>\n<\/div><\/div>\n\n\n\n<div class=\"wp-block-stackable-spacer stk-block-spacer stk--no-padding stk-block stk-a707f06\" data-block-id=\"a707f06\"><style>.stk-a707f06 {height:140px !important;}<\/style><\/div>\n\n\n\n<figure class=\"wp-block-table\"><table class=\"has-fixed-layout\"><tbody><tr><td class=\"has-text-align-center\" data-align=\"center\" colspan=\"4\"><strong>Valores por Hora\/Uso<\/strong><strong><\/strong><\/td><\/tr><tr><td class=\"has-text-align-center\" data-align=\"center\"><strong>T\u00e9cnica\/equipamento<\/strong><\/td><td class=\"has-text-align-center\" data-align=\"center\"><strong>Institui\u00e7\u00e3o UEA<\/strong><\/td><td class=\"has-text-align-center\" data-align=\"center\"><strong>Outras institui\u00e7\u00f5es<\/strong><\/td><td class=\"has-text-align-center\" data-align=\"center\"><strong>Empresas<\/strong><\/td><\/tr><tr><td class=\"has-text-align-center\" data-align=\"center\"><strong>MEV &#8211; JSM IT500 HR<\/strong><\/td><td class=\"has-text-align-center\" data-align=\"center\">R$ 170,00<\/td><td class=\"has-text-align-center\" data-align=\"center\">R$ 200,00<\/td><td class=\"has-text-align-center\" data-align=\"center\">R$ 280,00<\/td><\/tr><tr><td class=\"has-text-align-center\" data-align=\"center\"><strong>MET &#8211; JEM-1400FLASH<\/strong> Hora\/Uso<\/td><td class=\"has-text-align-center\" data-align=\"center\">R$ 110,00<\/td><td class=\"has-text-align-center\" data-align=\"center\">R$ 150,00<\/td><td class=\"has-text-align-center\" data-align=\"center\">R$ 230,00<\/td><\/tr><tr><td class=\"has-text-align-center\" data-align=\"center\"><strong>MET &#8211; JEM-1400FLASH<\/strong> An\u00e1lise &nbsp;EDS<\/td><td class=\"has-text-align-center\" data-align=\"center\">R$ 150,00<\/td><td class=\"has-text-align-center\" data-align=\"center\">R$ 200,00<\/td><td class=\"has-text-align-center\" data-align=\"center\">R$ 250,00<\/td><\/tr><tr><td class=\"has-text-align-center\" data-align=\"center\"><strong>\u00d3ptico Confocal SP8<\/strong><\/td><td class=\"has-text-align-center\" data-align=\"center\">R$ 110,00<\/td><td class=\"has-text-align-center\" data-align=\"center\">R$ 150,00<\/td><td class=\"has-text-align-center\" data-align=\"center\">R$ 230,00<\/td><\/tr><tr><td class=\"has-text-align-center\" data-align=\"center\"><strong>\u00d3ptico Fluoresc\u00eancia DM4B<\/strong><\/td><td class=\"has-text-align-center\" data-align=\"center\">R$ 70,00<\/td><td class=\"has-text-align-center\" data-align=\"center\">R$ 100,00<\/td><td class=\"has-text-align-center\" data-align=\"center\">R$ 120,00<\/td><\/tr><\/tbody><\/table><\/figure>\n\n\n\n<div class=\"wp-block-stackable-spacer stk-block-spacer stk--no-padding stk-block stk-61b03d5\" data-block-id=\"61b03d5\"><style>.stk-61b03d5 {height:50px !important;}<\/style><\/div>\n\n\n\n<figure class=\"wp-block-table\"><table class=\"has-fixed-layout\"><tbody><tr><td class=\"has-text-align-center\" data-align=\"center\" colspan=\"2\"><strong>Valores para processamento<\/strong> <strong>de amostras<\/strong><\/td><\/tr><tr><td class=\"has-text-align-center\" data-align=\"center\"><strong>MEV &#8211; Processamento (Fixa\u00e7\u00e3o e\/ou desidrata\u00e7\u00e3o e\/ou Ponto Cr\u00edtico)<\/strong><\/td><td class=\"has-text-align-center\" data-align=\"center\">R$ 250,00 (at\u00e9 10 amostras por processamento)<\/td><\/tr><tr><td class=\"has-text-align-center\" data-align=\"center\"><strong>MEV &#8211; Montagem de amostra sobre stubs<\/strong><\/td><td class=\"has-text-align-center\" data-align=\"center\">R$ 10,00 por stub<\/td><\/tr><tr><td class=\"has-text-align-center\" data-align=\"center\" rowspan=\"2\"><strong>Metaliza\u00e7\u00e3o<\/strong><\/td><td class=\"has-text-align-center\" data-align=\"center\">R$ 80,00 CICLO\/BAIXA RESOLU\u00c7\u00c3O<\/td><\/tr><tr><td class=\"has-text-align-center\" data-align=\"center\">R$ 150,00 CICLO\/ALTA RESOLU\u00c7\u00c3O<\/td><\/tr><tr><td class=\"has-text-align-center\" data-align=\"center\"><strong>MET &#8211; Processamento amostras COM ultramicrotomia<\/strong><\/td><td class=\"has-text-align-center\" data-align=\"center\">R$ 250,00 (2 amostras)<\/td><\/tr><tr><td class=\"has-text-align-center\" data-align=\"center\"><strong>MET &#8211; Processamento amostras SEM ultramicrotomia<\/strong><\/td><td class=\"has-text-align-center\" data-align=\"center\">R$ 150,00 (2 amostras)<\/td><\/tr><tr><td class=\"has-text-align-center\" data-align=\"center\"><strong>\u00d3ptico (SP8 e DM4B) COM marcador anticorpo**<\/strong><\/td><td class=\"has-text-align-center\" data-align=\"center\">R$ 200,00 (3&nbsp; amostras)<\/td><\/tr><tr><td class=\"has-text-align-center\" data-align=\"center\"><strong>\u00d3ptico (SP8 e DM4B) SEM marcador anticorpo<\/strong><\/td><td class=\"has-text-align-center\" data-align=\"center\">R$ 100,00 (3 amostras)<\/td><\/tr><\/tbody><\/table><\/figure>\n\n\n\n<div class=\"wp-block-stackable-spacer stk-block-spacer stk--no-padding stk-block stk-1f34858\" data-block-id=\"1f34858\"><\/div>\n\n\n\n<div class=\"wp-block-stackable-text stk-block-text stk-block stk-3ae920b\" data-block-id=\"3ae920b\"><p class=\"stk-block-text__text\"><strong>**Valor mediante a disponibilidade do marcador anticorpo em nosso estoque, sendo pass\u00edvel de altera\u00e7\u00e3o.<\/strong><\/p><\/div>\n\n\n\n<div class=\"wp-block-stackable-text stk-block-text stk-block stk-28c9955\" data-block-id=\"28c9955\"><p class=\"stk-block-text__text\"><strong>OBS.: Pre\u00e7os pass\u00edveis de ajuste conforme permuta de reagentes ou materiais, negocia\u00e7\u00f5es ou contratos com empresas.<\/strong><\/p><\/div>\n\n\n\n<div class=\"wp-block-stackable-text stk-block-text stk-block stk-c0b8f68\" data-block-id=\"c0b8f68\"><style>.stk-c0b8f68 {margin-bottom:5px !important;}<\/style><p class=\"stk-block-text__text\">Tabela baseada em centro de microscopia e multiusu\u00e1rio nacionais e internacionais.<\/p><\/div>\n\n\n\n<div class=\"wp-block-stackable-text stk-block-text stk-block stk-257fd6c\" data-block-id=\"257fd6c\"><style>.stk-257fd6c {margin-bottom:5px !important;}<\/style><p class=\"stk-block-text__text\">CENABIO \u2013 Centro Nacional de Biologia Estrutural e Bioimagem (UFRJ)<\/p><\/div>\n\n\n\n<div class=\"wp-block-stackable-text stk-block-text stk-block stk-f94b0df\" data-block-id=\"f94b0df\"><style>.stk-f94b0df {margin-bottom:5px !important;}<\/style><p class=\"stk-block-text__text\">CMM &#8211; Centro de Microscopia e Microan\u00e1lise (UFRGS)<\/p><\/div>\n\n\n\n<div class=\"wp-block-stackable-text stk-block-text stk-block stk-e379c16\" data-block-id=\"e379c16\"><style>.stk-e379c16 {margin-bottom:5px !important;}<\/style><p class=\"stk-block-text__text\">LabCEMM \u2013 Laborat\u00f3rio Central de Microscopia e Microan\u00e1lise (PUCRS)<\/p><\/div>\n\n\n\n<div class=\"wp-block-stackable-text stk-block-text stk-block stk-0946514\" data-block-id=\"0946514\"><style>.stk-0946514 {margin-bottom:5px !important;}<\/style><p class=\"stk-block-text__text\">Darthmouth Electron Microscope Facility,<\/p><\/div>\n\n\n\n<div class=\"wp-block-stackable-text stk-block-text stk-block stk-a032f9d\" data-block-id=\"a032f9d\"><style>.stk-a032f9d {margin-bottom:5px !important;}<\/style><p class=\"stk-block-text__text\">Colorado State University \u2013 Biomedical sciences college<\/p><\/div>\n\n\n\n<div class=\"wp-block-stackable-text stk-block-text stk-block stk-1b7478c\" data-block-id=\"1b7478c\"><style>.stk-1b7478c {margin-bottom:5px !important;}<\/style><p class=\"stk-block-text__text\">University of Connecticut \u2013 Bioscience electron microscopy Laboratory<\/p><\/div>\n\n\n\n<div class=\"wp-block-stackable-text stk-block-text stk-block stk-348393d\" data-block-id=\"348393d\"><style>.stk-348393d {margin-bottom:5px !important;}<\/style><p class=\"stk-block-text__text\">University of Oxford \u2013 Deparment of phisiology, anatomy &amp; genetics<\/p><\/div>\n\n\n\n<div class=\"wp-block-stackable-text stk-block-text stk-block stk-162a4ba\" data-block-id=\"162a4ba\"><style>.stk-162a4ba {margin-bottom:5px !important;}<\/style><p class=\"stk-block-text__text\">Health University of Utah<\/p><\/div>\n\n\n\n<p><\/p>\n\n\n\n<div class=\"wp-block-stackable-spacer stk-block-spacer stk--no-padding stk-block stk-7bbbb9d\" data-block-id=\"7bbbb9d\"><style>.stk-7bbbb9d {height:140px !important;}<\/style><\/div>\n","protected":false},"excerpt":{"rendered":"<p>Tabela de Valores Valores por Hora\/Uso T\u00e9cnica\/equipamento Institui\u00e7\u00e3o UEA Outras institui\u00e7\u00f5es Empresas MEV &#8211; JSM IT500 HR R$ 170,00 R$ 200,00 R$ 280,00 MET &#8211; JEM-1400FLASH Hora\/Uso R$ 110,00 R$ 150,00 R$ 230,00 MET &#8211; JEM-1400FLASH An\u00e1lise &nbsp;EDS R$ 150,00 R$ 200,00 R$ 250,00 \u00d3ptico Confocal SP8 R$ 110,00 R$ 150,00 R$ 230,00 \u00d3ptico Fluoresc\u00eancia [&hellip;]<\/p>\n","protected":false},"author":1,"featured_media":0,"parent":0,"menu_order":0,"comment_status":"closed","ping_status":"closed","template":"","meta":{"om_disable_all_campaigns":false,"_monsterinsights_skip_tracking":false,"_monsterinsights_sitenote_active":false,"_monsterinsights_sitenote_note":"","_monsterinsights_sitenote_category":0,"footnotes":""},"class_list":["post-710","page","type-page","status-publish","hentry"],"blocksy_meta":{"page_title_panel":"","has_hero_section":"disabled","fe1c64ab89945cda534f4bb2d579ae1a":"","hero_section":"type-1","hero_elements":[{"id":"custom_title","enabled":true,"heading_tag":"h1","title":"Home"},{"id":"custom_description","enabled":true,"description_visibility":{"desktop":true,"tablet":true,"mobile":false}},{"id":"custom_meta","enabled":false,"meta_elements":[{"id":"author","enabled":true,"label":"By","has_author_avatar":"yes","avatar_size":25},{"id":"post_date","enabled":true,"label":"On","date_format_source":"default","date_format":"M j, Y"},{"id":"updated_date","enabled":false,"label":"On","date_format_source":"default","date_format":"M j, Y"},{"id":"categories","enabled":false,"label":"In","style":"simple"},{"id":"comments","enabled":true}],"page_meta_elements":{"joined":true,"articles_count":true,"comments":true}},{"id":"breadcrumbs","enabled":false}],"433b02732bec8d55ec282f00a9a700eb":"","hero_alignment1":"CT_CSS_SKIP_RULE","hero_margin":40,"hero_alignment2":"center","hero_vertical_alignment":"center","fdbb34d69d6afe2394c07d96c9ea0b60":"","hero_structure":"narrow","cb306aece5e91b9a44875e4a81075440":"","page_title_bg_type":"featured_image","custom_hero_background":{"attachment_id":null},"page_title_image_size":"full","parallax":{"desktop":false,"tablet":false,"mobile":false},"034bc954f3c533bc75ffdf62670c8395":"","hero_height":"250px","pageTitleFont":{"family":"Default","variation":"Default","size":"30px","line-height":"CT_CSS_SKIP_RULE","letter-spacing":"CT_CSS_SKIP_RULE","text-transform":"CT_CSS_SKIP_RULE","text-decoration":"CT_CSS_SKIP_RULE"},"pageTitleFontColor":{"default":{"color":"CT_CSS_SKIP_RULEDEFAULT"}},"pageMetaFont":{"family":"Default","variation":"n6","size":"12px","line-height":"1.3","letter-spacing":"CT_CSS_SKIP_RULE","text-transform":"uppercase","text-decoration":"CT_CSS_SKIP_RULE"},"pageMetaFontColor":{"default":{"color":"CT_CSS_SKIP_RULEDEFAULT"},"hover":{"color":"CT_CSS_SKIP_RULEDEFAULT"}},"page_meta_button_type_font_colors":{"default":{"color":"CT_CSS_SKIP_RULEDEFAULT"},"hover":{"color":"CT_CSS_SKIP_RULEDEFAULT"}},"page_meta_button_type_background_colors":{"default":{"color":"CT_CSS_SKIP_RULEDEFAULT"},"hover":{"color":"CT_CSS_SKIP_RULEDEFAULT"}},"pageExcerptFont":{"family":"Default","variation":"Default","size":"CT_CSS_SKIP_RULE","line-height":"CT_CSS_SKIP_RULE","letter-spacing":"CT_CSS_SKIP_RULE","text-transform":"CT_CSS_SKIP_RULE","text-decoration":"CT_CSS_SKIP_RULE"},"pageExcerptColor":{"default":{"color":"CT_CSS_SKIP_RULEDEFAULT"}},"breadcrumbsFont":{"family":"Default","variation":"Default","size":"CT_CSS_SKIP_RULE","line-height":"CT_CSS_SKIP_RULE","letter-spacing":"CT_CSS_SKIP_RULE","text-transform":"CT_CSS_SKIP_RULE","text-decoration":"CT_CSS_SKIP_RULE"},"breadcrumbsFontColor":{"default":{"color":"CT_CSS_SKIP_RULEDEFAULT"},"initial":{"color":"CT_CSS_SKIP_RULEDEFAULT"},"hover":{"color":"CT_CSS_SKIP_RULEDEFAULT"}},"pageTitleOverlay":{"background_type":"color","background_pattern":"type-1","background_image":{"attachment_id":null,"x":0,"y":0},"gradient":"linear-gradient(135deg,rgba(6,147,227,1) 0%,rgb(155,81,224) 100%)","background_repeat":"repeat","background_size":"auto","background_attachment":"scroll","patternColor":{"default":{"color":"#e5e7ea"}},"overlayColor":{"default":{"color":"CT_CSS_SKIP_RULE"}},"backgroundColor":{"default":{"color":"CT_CSS_SKIP_RULE"}}},"pageTitleBackground":{"background_type":"color","background_pattern":"type-1","background_image":{"attachment_id":null,"x":0,"y":0},"gradient":"linear-gradient(135deg,rgba(6,147,227,1) 0%,rgb(155,81,224) 100%)","background_repeat":"repeat","background_size":"auto","background_attachment":"scroll","patternColor":{"default":{"color":"#e5e7ea"}},"overlayColor":{"default":{"color":"CT_CSS_SKIP_RULE"}},"backgroundColor":{"default":{"color":"var(--theme-palette-color-6)"}}},"pageTitlePadding":{"top":"50px","bottom":"50px","left":"auto","right":"auto","linked":true},"12e455f30de1d15aed0effbbb6f951bf":"","page_structure_type":"default","f474d2f3ad69b4e64f52dac0a3aa2bb2":"","content_style_source":"inherit","content_style":"wide","vertical_spacing_source":"custom","content_area_spacing":"none","background":{"background_type":"color","background_pattern":"type-1","background_image":{"attachment_id":null,"x":0,"y":0},"gradient":"linear-gradient(135deg,rgba(6,147,227,1) 0%,rgb(155,81,224) 100%)","background_repeat":"repeat","background_size":"auto","background_attachment":"scroll","patternColor":{"default":{"color":"#e5e7ea"}},"overlayColor":{"default":{"color":"CT_CSS_SKIP_RULE"}},"backgroundColor":{"default":{"color":"CT_CSS_SKIP_RULE"}}},"content_background":{"background_type":"color","background_pattern":"type-1","background_image":{"attachment_id":null,"x":0,"y":0},"gradient":"linear-gradient(135deg,rgba(6,147,227,1) 0%,rgb(155,81,224) 100%)","background_repeat":"repeat","background_size":"auto","background_attachment":"scroll","patternColor":{"default":{"color":"#e5e7ea"}},"overlayColor":{"default":{"color":"CT_CSS_SKIP_RULE"}},"backgroundColor":{"default":{"color":"var(--theme-palette-color-8)"}}},"content_boxed_shadow":{"inherit":false,"blur":18,"spread":-6,"v_offset":12,"h_offset":0,"inset":false,"enable":true,"color":{"color":"rgba(34, 56, 101, 0.04)"}},"content_boxed_border":{"width":1,"style":"none","color":{"color":"rgba(44,62,80,0.2)"}},"content_boxed_radius":{"top":"3px","bottom":"3px","left":"3px","right":"3px","linked":true},"boxed_content_spacing":{"desktop":{"top":"40px","bottom":"40px","left":"40px","right":"40px","linked":true},"tablet":{"top":"35px","bottom":"35px","left":"35px","right":"35px","linked":true},"mobile":{"top":"20px","bottom":"20px","left":"20px","right":"20px","linked":true}},"fca9f1d1c7aa58a4b21dd78357f6373e":"","disable_featured_image":"no","disable_share_box":"no","disable_header":"no","disable_footer":"no","styles_descriptor":{"styles":{"desktop":"","tablet":"","mobile":""},"google_fonts":[],"version":6}},"aioseo_notices":[],"_links":{"self":[{"href":"http:\/\/cmabio.uea.edu.br\/index.php\/wp-json\/wp\/v2\/pages\/710","targetHints":{"allow":["GET"]}}],"collection":[{"href":"http:\/\/cmabio.uea.edu.br\/index.php\/wp-json\/wp\/v2\/pages"}],"about":[{"href":"http:\/\/cmabio.uea.edu.br\/index.php\/wp-json\/wp\/v2\/types\/page"}],"author":[{"embeddable":true,"href":"http:\/\/cmabio.uea.edu.br\/index.php\/wp-json\/wp\/v2\/users\/1"}],"replies":[{"embeddable":true,"href":"http:\/\/cmabio.uea.edu.br\/index.php\/wp-json\/wp\/v2\/comments?post=710"}],"version-history":[{"count":18,"href":"http:\/\/cmabio.uea.edu.br\/index.php\/wp-json\/wp\/v2\/pages\/710\/revisions"}],"predecessor-version":[{"id":1823,"href":"http:\/\/cmabio.uea.edu.br\/index.php\/wp-json\/wp\/v2\/pages\/710\/revisions\/1823"}],"wp:attachment":[{"href":"http:\/\/cmabio.uea.edu.br\/index.php\/wp-json\/wp\/v2\/media?parent=710"}],"curies":[{"name":"wp","href":"https:\/\/api.w.org\/{rel}","templated":true}]}}